{"id":42,"date":"2024-08-17T18:12:30","date_gmt":"2024-08-17T16:12:30","guid":{"rendered":"https:\/\/naturheilpraxis-beckmann.de\/?page_id=42"},"modified":"2025-02-05T19:55:14","modified_gmt":"2025-02-05T18:55:14","slug":"infos-zum-ersttermin","status":"publish","type":"page","link":"https:\/\/naturheilpraxis-beckmann.de\/?page_id=42","title":{"rendered":"Infos zum Ersttermin"},"content":{"rendered":"<div class=\"wpb-content-wrapper\"><p>[vc_row][vc_column icons_position=&#8220;left&#8220;][vc_empty_space alter_height=&#8220;medium&#8220; hide_on_mobile=&#8220;&#8220;][\/vc_column][\/vc_row][vc_row][vc_column icons_position=&#8220;left&#8220;][\/vc_column][\/vc_row][vc_row css_animation=&#8220;fadeInLeft&#8220;][vc_column width=&#8220;1\/2&#8243; column_align=&#8220;center&#8220; icons_position=&#8220;left&#8220;][vc_empty_space alter_height=&#8220;large&#8220; hide_on_mobile=&#8220;&#8220;][vc_single_image image=&#8220;765&#8243; img_size=&#8220;full&#8220; css=&#8220;&#8220;][\/vc_column][vc_column width=&#8220;1\/2&#8243; icons_position=&#8220;left&#8220;][vc_empty_space alter_height=&#8220;medium&#8220; hide_on_mobile=&#8220;&#8220;][vc_column_text css_animation=&#8220;none&#8220; css=&#8220;&#8220;]<\/p>\n<p style=\"text-align: center;\"><strong>So l\u00e4uft Ihr erster Termin ab:<\/strong><\/p>\n<!-- \/wp:post-content -->\n<p><!-- wp:paragraph -->F\u00fcr den ersten Besuch in meiner Praxis planen Sie bitte ca. 1,5 Stunden ein.<\/p>\n<!-- \/wp:paragraph -->\n<p><!-- wp:paragraph --><strong>Bitte bringen Sie Folgendes mit:<\/strong><\/p>\n<ul>\n<li>Vorhandene Arztberichte und Blutbilder<\/li>\n<li>Medikamente und Nahrungserg\u00e4nzungsmittel, die Sie zurzeit einnehmen<\/li>\n<li>Ausgef\u00fcllten Anamnesebogen &#8211; <a href=\"https:\/\/naturheilpraxis-beckmann.de\/wp-content\/uploads\/2024\/11\/2024-10-26-Amnesebogen-Forms.pdf\" data-type=\"link\" data-id=\"https:\/\/naturheilpraxis-beckmann.de\/wp-content\/uploads\/2024\/10\/2024-10-26-Amnesebogen.pdf\">hier herunterladen<\/a><br \/>(Bitte \u00fcber das <a href=\"https:\/\/naturheilpraxis-beckmann.de\/?page_id=40\">Kontaktformular<\/a> zusenden oder ausgef\u00fcllt zum Termin mitbringen)<\/li>\n<\/ul>\n<ul class=\"wp-block-list\">\n<li style=\"list-style-type: none;\">\n<ul class=\"wp-block-list\">\n<li style=\"list-style-type: none;\">\u00a0<\/li>\n<\/ul>\n<\/li>\n<\/ul>\n<p>[\/vc_column_text][\/vc_column][\/vc_row][vc_row css_animation=&#8220;fadeInRight&#8220;][vc_column width=&#8220;2\/3&#8243; icons_position=&#8220;left&#8220;][vc_empty_space alter_height=&#8220;medium&#8220; hide_on_mobile=&#8220;&#8220;][vc_column_text css=&#8220;&#8220;]Der erste Termin beginnt mit einem ausf\u00fchrlichen Anamnesegespr\u00e4ch \u00fcber Ihre Beschwerden, Ihren bisherigen Krankheitsverlauf und die bereits stattgefundenen Behandlungen.<\/p>\n<p>Wenn eine Blutentnahme gew\u00fcnscht ist, sollte der Termin m\u00f6glichst vormittags stattfinden.<\/p>\n<p>Falls erforderlich, stelle ich Ihnen Probenmaterial f\u00fcr weiterf\u00fchrende Diagnostik, wie zum Beispiel f\u00fcr Darm- oder Speichelanalysen, zur Verf\u00fcgung.<\/p>\n<p>Im nachfolgenden Termin erfolgt die Besprechung der Laborbefunde und die Erstellung eines Behandlungsplans.[\/vc_column_text][vc_empty_space alter_height=&#8220;medium&#8220; hide_on_mobile=&#8220;&#8220;][\/vc_column][vc_column width=&#8220;1\/3&#8243; icons_position=&#8220;left&#8220;][vc_empty_space alter_height=&#8220;large&#8220; hide_on_mobile=&#8220;&#8220;][vc_single_image image=&#8220;777&#8243; img_size=&#8220;full&#8220; css=&#8220;&#8220;][vc_empty_space alter_height=&#8220;medium&#8220; hide_on_mobile=&#8220;&#8220;][\/vc_column][\/vc_row][vc_row css_animation=&#8220;fadeInUp&#8220;][vc_column icons_position=&#8220;left&#8220;][vc_column_text css=&#8220;&#8220;]Sollten Sie Ihren Termin nicht wahrnehmen k\u00f6nnen, bitte ich Sie, diesen m\u00f6glichst rechtzeitig, sp\u00e4testens 24 Stunden im Voraus, abzusagen.<\/p>\n<p>&nbsp;<\/p>\n<p><strong>Honorar:<\/strong><\/p>\n<p><!-- \/wp:paragraph --><!-- wp:paragraph -->Die Kosten f\u00fcr meine Leistungen werden in der Regel nicht von den gesetzlichen Krankenkassen \u00fcbernommen. Bei Patienten, die privat krankenversichert sind und\/oder \u00fcber eine Zusatzversicherung verf\u00fcgen, besteht eine m\u00f6gliche Erstattungsf\u00e4higkeit. Es obliegt dem Patienten, dies eigenverantwortlich zu pr\u00fcfen. Mein Honoraranspruch ist vom Patienten unabh\u00e4ngig von jeglicher Versicherungs- und\/oder Beihilfeleistung nach erbrachter Leistung zu begleichen.<\/p>\n<p><!-- \/wp:paragraph --><!-- wp:paragraph --><strong>Stundensatz:<\/strong> 90 \u20ac \/ 60 Minuten<\/p>\n<p><!-- \/wp:paragraph --><!-- wp:paragraph -->Gleiches gilt f\u00fcr schriftliche und telefonische Beratung. Die Abrechnung erfolgt je angefangene 15 Minuten.[\/vc_column_text][vc_empty_space alter_height=&#8220;medium&#8220; hide_on_mobile=&#8220;&#8220;][\/vc_column][\/vc_row][vc_row css_animation=&#8220;fadeInRight&#8220;][vc_column width=&#8220;1\/2&#8243; icons_position=&#8220;left&#8220;][vc_empty_space hide_on_mobile=&#8220;&#8220;][vc_single_image image=&#8220;766&#8243; img_size=&#8220;500&#215;300&#8243; alignment=&#8220;center&#8220; css=&#8220;&#8220;][\/vc_column][vc_column width=&#8220;1\/2&#8243; icons_position=&#8220;left&#8220;][vc_empty_space alter_height=&#8220;large&#8220; hide_on_mobile=&#8220;&#8220;][vc_column_text css=&#8220;.vc_custom_1736248113841{background-color: #EBFDFF !important;border-radius: 10px !important;}&#8220; scheme=&#8220;default&#8220; el_id=&#8220;reizdarm-small&#8220;]Gerne m\u00f6chte Ich Ihnen die M\u00f6glichkeit bieten, vor dem Ersttermin ein kostenloses ca.15 min\u00fctiges (telefonisches) Kennenlerngespr\u00e4ch zu vereinbaren.[\/vc_column_text][\/vc_column][\/vc_row][vc_row css_animation=&#8220;appear&#8220;][vc_column icons_position=&#8220;left&#8220;][vc_empty_space alter_height=&#8220;medium&#8220; hide_on_mobile=&#8220;&#8220;]<div class=\"sc_item_button sc_button_wrap sc_align_center\"><a href=\"https:\/\/naturheilpraxis-beckmann.de\/?page_id=373\" id=\"sc_button_571941543\" class=\"sc_button color_style_default sc_button_default sc_button_size_large sc_button_icon_left\"><span class=\"sc_button_text sc_align_center\"><span class=\"sc_button_title\">Jetzt Termin reservieren<\/span><\/span><!-- \/.sc_button_text --><\/a><!-- \/.sc_button --><\/div><!-- \/.sc_item_button -->[\/vc_column][\/vc_row]<\/p>\n<\/div>","protected":false},"excerpt":{"rendered":"<p>[vc_row][vc_column icons_position=&#8220;left&#8220;][vc_empty_space alter_height=&#8220;medium&#8220; hide_on_mobile=&#8220;&#8220;][\/vc_column][\/vc_row][vc_row][vc_column icons_position=&#8220;left&#8220;][\/vc_column][\/vc_row][vc_row css_animation=&#8220;fadeInLeft&#8220;][vc_column width=&#8220;1\/2&#8243; column_align=&#8220;center&#8220; icons_position=&#8220;left&#8220;][vc_empty_space alter_height=&#8220;large&#8220; hide_on_mobile=&#8220;&#8220;][vc_single_image image=&#8220;765&#8243; img_size=&#8220;full&#8220; css=&#8220;&#8220;][\/vc_column][vc_column width=&#8220;1\/2&#8243; icons_position=&#8220;left&#8220;][vc_empty_space alter_height=&#8220;medium&#8220; hide_on_mobile=&#8220;&#8220;][vc_column_text css_animation=&#8220;none&#8220; css=&#8220;&#8220;] So l\u00e4uft Ihr erster Termin ab: F\u00fcr den ersten Besuch in meiner Praxis planen Sie bitte ca. 1,5 Stunden ein. Bitte bringen Sie Folgendes mit: Vorhandene Arztberichte und Blutbilder Medikamente und Nahrungserg\u00e4nzungsmittel, die Sie zurzeit einnehmen Ausgef\u00fcllten Anamnesebogen &#8211; hier&hellip;<\/p>\n","protected":false},"author":2,"featured_media":0,"parent":0,"menu_order":0,"comment_status":"closed","ping_status":"closed","template":"","meta":{"footnotes":""},"class_list":["post-42","page","type-page","status-publish","hentry"],"_links":{"self":[{"href":"https:\/\/naturheilpraxis-beckmann.de\/index.php?rest_route=\/wp\/v2\/pages\/42","targetHints":{"allow":["GET"]}}],"collection":[{"href":"https:\/\/naturheilpraxis-beckmann.de\/index.php?rest_route=\/wp\/v2\/pages"}],"about":[{"href":"https:\/\/naturheilpraxis-beckmann.de\/index.php?rest_route=\/wp\/v2\/types\/page"}],"author":[{"embeddable":true,"href":"https:\/\/naturheilpraxis-beckmann.de\/index.php?rest_route=\/wp\/v2\/users\/2"}],"replies":[{"embeddable":true,"href":"https:\/\/naturheilpraxis-beckmann.de\/index.php?rest_route=%2Fwp%2Fv2%2Fcomments&post=42"}],"version-history":[{"count":64,"href":"https:\/\/naturheilpraxis-beckmann.de\/index.php?rest_route=\/wp\/v2\/pages\/42\/revisions"}],"predecessor-version":[{"id":1017,"href":"https:\/\/naturheilpraxis-beckmann.de\/index.php?rest_route=\/wp\/v2\/pages\/42\/revisions\/1017"}],"wp:attachment":[{"href":"https:\/\/naturheilpraxis-beckmann.de\/index.php?rest_route=%2Fwp%2Fv2%2Fmedia&parent=42"}],"curies":[{"name":"wp","href":"https:\/\/api.w.org\/{rel}","templated":true}]}}