{"id":50,"date":"2024-08-17T18:24:15","date_gmt":"2024-08-17T16:24:15","guid":{"rendered":"https:\/\/naturheilpraxis-beckmann.de\/?page_id=50"},"modified":"2024-12-27T19:03:15","modified_gmt":"2024-12-27T18:03:15","slug":"praxisschwerpunkte","status":"publish","type":"page","link":"https:\/\/naturheilpraxis-beckmann.de\/?page_id=50","title":{"rendered":"Praxisschwerpunkte"},"content":{"rendered":"<div class=\"wpb-content-wrapper\"><p>[vc_row css_animation=&#8220;none&#8220;][vc_column icons_position=&#8220;left&#8220;][vc_empty_space alter_height=&#8220;medium&#8220; hide_on_mobile=&#8220;&#8220;][\/vc_column][\/vc_row][vc_row css_animation=&#8220;fadeInLeft&#8220;][vc_column width=&#8220;1\/2&#8243; icons_position=&#8220;left&#8220;][vc_column_text css=&#8220;&#8220;]<\/p>\n<h6>Darmgesundheit<\/h6>\n<p>Der Darm spielt eine entscheidende Rolle in der Entstehung, dem Verlauf und der Heilung vieler Erkrankungen. Wenn das Gleichgewicht der Darmflora gest\u00f6rt ist, k\u00f6nnen sich zahlreiche gesundheitliche Probleme manifestieren, die oft nicht nur den Darm betreffen, sondern den gesamten K\u00f6rper. In der Naturheilkunde betrachtet man den Darm als einen zentralen Bestandteil der Gesundheit, da er sowohl das Immunsystem als auch die mentale und k\u00f6rperliche Vitalit\u00e4t ma\u00dfgeblich beeinflusst. Bei vielen Krankheitsbildern ist eine gezielte Unterst\u00fctzung des Darms unerl\u00e4sslich, um eine ganzheitliche Heilung zu f\u00f6rdern.[\/vc_column_text][\/vc_column][vc_column width=&#8220;1\/2&#8243; icons_position=&#8220;left&#8220;][vc_empty_space alter_height=&#8220;medium&#8220; hide_on_mobile=&#8220;&#8220;][vc_single_image image=&#8220;252&#8243; img_size=&#8220;full&#8220; alignment=&#8220;center&#8220; css=&#8220;&#8220;][vc_empty_space alter_height=&#8220;medium&#8220; hide_on_mobile=&#8220;&#8220;][\/vc_column][\/vc_row][vc_row css_animation=&#8220;fadeInUp&#8220;][vc_column icons_position=&#8220;left&#8220;][vc_column_text css=&#8220;&#8220;]Die Darmschleimhaut ist eine empfindliche, aber \u00e4u\u00dferst wichtige Barriere, die den K\u00f6rper vor sch\u00e4dlichen Mikroben, Toxinen und unverdaulichen Nahrungsbestandteilen sch\u00fctzt. Wenn diese Barriere gest\u00f6rt wird, kann dies weitreichende Auswirkungen auf die Gesundheit haben und verschiedene Symptome und Krankheiten ausl\u00f6sen. Eine h\u00e4ufige Form der Sch\u00e4digung der Darmschleimhaut ist das sogenannte <strong>\u201eLeaky Gut Syndrom\u201c<\/strong> (durchl\u00e4ssiger Darm), bei dem die Integrit\u00e4t der Schleimhautbarriere beeintr\u00e4chtigt wird, sodass sch\u00e4dliche Substanzen in den K\u00f6rper gelangen k\u00f6nnen.<\/p>\n<p>Das Mikrobiom, insbesondere das <strong>Darmmikrobiom<\/strong>, spielt eine entscheidende Rolle in der Gesundheit des gesamten K\u00f6rpers. Es besteht aus Billionen von Mikroben \u2013 Bakterien, Viren, Pilzen und anderen Mikroorganismen \u2013, die in und auf unserem K\u00f6rper leben, insbesondere im Verdauungstrakt. Diese Mikrobiota beeinflusst nicht nur die Verdauung, sondern auch das Immunsystem, die Hautgesundheit, das Gehirn und viele andere K\u00f6rperfunktionen. Ein Ungleichgewicht im Mikrobiom, auch als <strong>Dysbiose<\/strong> bezeichnet, kann mit einer Vielzahl von <strong>Krankheiten<\/strong> und gesundheitlichen Beschwerden in Verbindung gebracht werden. In der Naturheilkunde wird das Mikrobiom als Schl\u00fcssel zu einer ganzheitlichen Gesundheitsf\u00f6rderung und zur Pr\u00e4vention von Krankheiten gesehen.[\/vc_column_text][vc_separator][\/vc_column][\/vc_row][vc_row css_animation=&#8220;fadeInRight&#8220;][vc_column width=&#8220;1\/2&#8243; icons_position=&#8220;left&#8220;][vc_column_text css=&#8220;&#8220;]<\/p>\n<h6>Reizdarmsyndrom<\/h6>\n<p>[\/vc_column_text][vc_empty_space hide_on_mobile=&#8220;&#8220;][vc_single_image image=&#8220;852&#8243; img_size=&#8220;full&#8220; alignment=&#8220;center&#8220; css=&#8220;&#8220;][\/vc_column][vc_column width=&#8220;1\/2&#8243; icons_position=&#8220;left&#8220;][vc_empty_space alter_height=&#8220;large&#8220; hide_on_mobile=&#8220;&#8220;][vc_column_text css=&#8220;&#8220; el_id=&#8220;reizdarm-small&#8220;]Der <strong>Reizdarm (Reizdarmsyndrom, RDS)<\/strong> ist eine der h\u00e4ufigsten funktionellen Verdauungsst\u00f6rungen und betrifft weltweit Millionen von Menschen. Die Symptome k\u00f6nnen \u00e4u\u00dferst belastend sein und die Lebensqualit\u00e4t stark beeintr\u00e4chtigen. Typische Beschwerden sind Bauchschmerzen, Bl\u00e4hungen, Durchfall und\/oder Verstopfung, die ohne erkennbare organische Ursache auftreten. Reizdarm ist eine Diagnose, die gestellt wird, wenn nach gr\u00fcndlicher Untersuchung keine anderen schwerwiegenden Erkrankungen des Verdauungssystems gefunden werden.[\/vc_column_text][vc_empty_space alter_height=&#8220;medium&#8220; hide_on_mobile=&#8220;&#8220;][\/vc_column][\/vc_row][vc_row css_animation=&#8220;fadeInUp&#8220;][vc_column icons_position=&#8220;left&#8220;][vc_empty_space alter_height=&#8220;medium&#8220; hide_on_mobile=&#8220;&#8220;][vc_column_text css=&#8220;&#8220;]<strong>Symptome des Reizdarmsyndroms (RDS)<\/strong><\/p>\n<p>Die Symptome eines Reizdarms k\u00f6nnen von Person zu Person sehr unterschiedlich sein, beinhalten jedoch h\u00e4ufig:<\/p>\n<ul>\n<li><strong>Bauchschmerzen und Kr\u00e4mpfe:<\/strong> Diese treten oft in Verbindung mit einer Ver\u00e4nderung der Stuhlgewohnheiten auf. Die Schmerzen k\u00f6nnen nach dem Stuhlgang gelindert werden.<\/li>\n<li><strong>Bl\u00e4hungen:<\/strong> Viele Betroffene leiden unter starkem V\u00f6llegef\u00fchl und sichtbaren Bl\u00e4hungen.<\/li>\n<li><strong>Durchfall (Diarrhoe) oder Verstopfung (Obstipation):<\/strong> Manche Patienten haben \u00fcberwiegend Durchfall, andere leiden unter chronischer Verstopfung, wieder andere wechseln zwischen beiden Zust\u00e4nden.<\/li>\n<li><strong>Schleim im Stuhl:<\/strong> H\u00e4ufig wird auch Schleim im Stuhl beobachtet.<\/li>\n<li><strong>Unvollst\u00e4ndige Entleerung:<\/strong> Das Gef\u00fchl, der Darm sei nicht vollst\u00e4ndig entleert worden, nach dem Stuhlgang.<\/li>\n<\/ul>\n<p>Die Symptome sind in der Regel chronisch und treten regelm\u00e4\u00dfig auf, k\u00f6nnen jedoch in ihrer Intensit\u00e4t schwanken. Sie sind meist nicht mit einer organischen Erkrankung des Darms wie z.B. <strong>Morbus Crohn<\/strong> oder <strong>Colitis ulcerosa<\/strong> verbunden.[\/vc_column_text][vc_empty_space alter_height=&#8220;medium&#8220; hide_on_mobile=&#8220;&#8220;][\/vc_column][\/vc_row][vc_row][vc_column icons_position=&#8220;left&#8220;][vc_column_text css=&#8220;&#8220; el_class=&#8220;read-more-container&#8220; el_id=&#8220;reizdarm-large&#8220;]<strong>Ursachen des Reizdarmsyndroms<\/strong><\/p>\n<p>Die genaue Ursache des Reizdarms ist noch nicht vollst\u00e4ndig verstanden, es wird jedoch angenommen, dass verschiedene Faktoren eine Rolle spielen. H\u00e4ufig handelt es sich um ein Zusammenspiel von <strong>genetischen<\/strong>, <strong>psychischen<\/strong> und <strong>physiologischen<\/strong> Ursachen.<\/p>\n<ol>\n<li><strong> St\u00f6rungen der Darmmotilit\u00e4t<\/strong><\/li>\n<\/ol>\n<p>Ein h\u00e4ufiger Faktor bei Reizdarmpatienten sind <strong>St\u00f6rungen der Darmbewegungen<\/strong>. Der Darm kann zu schnell oder zu langsam arbeiten, was zu Durchfall oder Verstopfung f\u00fchrt. Eine verz\u00f6gerte oder \u00fcberaktive Beweglichkeit des Darms kann durch eine gest\u00f6rte Kommunikation zwischen dem <strong>Zentralnervensystem<\/strong> und dem <strong>Enterischen Nervensystem<\/strong> (dem \u201eGehirn des Darms\u201c) verursacht werden.<\/p>\n<ol start=\"2\">\n<li><strong> Ver\u00e4nderungen des Mikrobioms<\/strong><\/li>\n<\/ol>\n<p>Das Mikrobiom des Darms \u2013 die Vielzahl von Mikroorganismen, die den Darm besiedeln \u2013 spielt eine entscheidende Rolle f\u00fcr die Verdauung und das allgemeine Wohlbefinden. Bei vielen Reizdarmpatienten zeigt sich eine <strong>Dysbiose<\/strong>, also ein Ungleichgewicht zwischen n\u00fctzlichen und sch\u00e4dlichen Bakterien im Darm. Diese Dysbiose kann Entz\u00fcndungen ausl\u00f6sen und die Darmbarriere beeintr\u00e4chtigen, was wiederum die Symptome des Reizdarms verst\u00e4rken kann.<\/p>\n<ol start=\"3\">\n<li><strong> Entz\u00fcndungen und Immunantwort<\/strong><\/li>\n<\/ol>\n<p>Eine geringe, chronische Entz\u00fcndung im Darm kann die Darmw\u00e4nde reizen und zu den typischen Schmerzen und Beschwerden f\u00fchren. Auch <strong>Immunzellen<\/strong> im Darm, die normalerweise Infektionen bek\u00e4mpfen, k\u00f6nnen \u00fcberreagieren und Entz\u00fcndungen ausl\u00f6sen, auch wenn keine Infektion vorliegt.<\/p>\n<ol start=\"4\">\n<li><strong> Stress und psychische Faktoren<\/strong><\/li>\n<\/ol>\n<p>Stress ist ein weit verbreiteter Ausl\u00f6ser f\u00fcr Reizdarmbeschwerden. Die enge Verbindung zwischen Darm und Gehirn (Darm-Hirn-Achse) bedeutet, dass psychische Belastungen wie Angst, Depression oder chronischer Stress die Symptome verschlimmern oder \u00fcberhaupt erst hervorrufen k\u00f6nnen. Negative Emotionen k\u00f6nnen die Darmmotilit\u00e4t beeinflussen und die Schmerzwahrnehmung im Bauchraum verst\u00e4rken.<\/p>\n<ol start=\"5\">\n<li><strong> Nahrungsmittelunvertr\u00e4glichkeiten<\/strong><\/li>\n<\/ol>\n<p>Bestimmte Lebensmittel oder Lebensmittelgruppen k\u00f6nnen die Symptome des Reizdarms versch\u00e4rfen. H\u00e4ufig sind dies:<\/p>\n<ul>\n<li><strong>Laktose<\/strong> (Milchzucker) bei Laktoseintoleranz<\/li>\n<li><strong>Gluten<\/strong> bei einer Glutenempfindlichkeit (nicht zu verwechseln mit Z\u00f6liakie)<\/li>\n<li><strong>FODMAPs<\/strong> (fermentierbare Oligo-, Di-, Monosaccharide und Polyole), eine Gruppe von schnell fermentierbaren Kohlenhydraten, die in vielen Lebensmitteln enthalten sind, wie Weizen, Zwiebeln, \u00c4pfeln, Milchprodukten etc.<\/li>\n<\/ul>\n<ol start=\"6\">\n<li><strong> Hormonelle Faktoren<\/strong><\/li>\n<\/ol>\n<p>Frauen sind h\u00e4ufiger von Reizdarm betroffen als M\u00e4nner, was darauf hindeutet, dass <strong>hormonelle Schwankungen<\/strong> eine Rolle spielen k\u00f6nnten. Insbesondere im Zusammenhang mit der Menstruation berichten viele Frauen von einer Verschlechterung ihrer Symptome.<\/p>\n<p>Das Reizdarmsyndrom ist eine komplexe Erkrankung, die oft durch eine Kombination aus genetischen, psychischen und physiologischen Faktoren verursacht wird. Die Behandlung erfordert eine individuelle Anpassung und sollte sowohl die k\u00f6rperlichen Symptome als auch die psychischen Aspekte ber\u00fccksichtigen. Durch eine ausgewogene Ern\u00e4hrung, Stressbew\u00e4ltigungsstrategien und naturheilkundliche Unterst\u00fctzung k\u00f6nnen viele Menschen ihre Symptome erfolgreich lindern und ihre Lebensqualit\u00e4t verbessern.[\/vc_column_text][vc_empty_space alter_height=&#8220;medium&#8220; hide_on_mobile=&#8220;&#8220;]<div class=\"sc_item_button sc_button_wrap sc_align_right\"><a href=\"#reizdarm-small\" id=\"sc_button_1395472031\" class=\"sc_button color_style_default sc_button_default read-more-btn sc_button_size_normal sc_button_icon_left\"><span class=\"sc_button_text sc_align_center\"><span class=\"sc_button_title\">Mehr anzeigen<\/span><\/span><!-- \/.sc_button_text --><\/a><!-- \/.sc_button --><\/div><!-- \/.sc_item_button -->[vc_separator css=&#8220;&#8220;][\/vc_column][\/vc_row][vc_row css_animation=&#8220;fadeInLeft&#8220; el_id=&#8220;nahrung&#8220;][vc_column width=&#8220;1\/2&#8243; icons_position=&#8220;left&#8220;][vc_column_text css=&#8220;&#8220;]<\/p>\n<h6>Nahrungsmittelunvertr\u00e4glichkeiten<br \/>\nund Allergien<\/h6>\n<p><strong>Nahrungsmittelunvertr\u00e4glichkeiten<\/strong> und <strong>Nahrungsmittel-allergien<\/strong> sind zwei h\u00e4ufige, aber unterschiedliche Reaktionen des K\u00f6rpers auf bestimmte Nahrungsmittel. W\u00e4hrend Unvertr\u00e4glichkeiten in der Regel keine Immunantwort ausl\u00f6sen, handelt es sich bei Allergien um eine spezifische \u00dcberreaktion des Immunsystems auf bestimmte Lebensmittelproteine.[\/vc_column_text][vc_empty_space alter_height=&#8220;small&#8220; hide_on_mobile=&#8220;&#8220;][\/vc_column][vc_column width=&#8220;1\/2&#8243; icons_position=&#8220;left&#8220;][vc_single_image image=&#8220;857&#8243; img_size=&#8220;400&#215;300&#8243; alignment=&#8220;center&#8220; css=&#8220;&#8220;][\/vc_column][\/vc_row][vc_row css_animation=&#8220;fadeInUp&#8220;][vc_column icons_position=&#8220;left&#8220;][vc_empty_space alter_height=&#8220;small&#8220; hide_on_mobile=&#8220;&#8220;][vc_column_text css=&#8220;&#8220;]<strong>Nahrungsmittelunvertr\u00e4glichkeiten<\/strong><\/p>\n<p><strong>Nahrungsmittelunvertr\u00e4glichkeiten<\/strong> entstehen, wenn der K\u00f6rper Schwierigkeiten hat, bestimmte Bestandteile von Lebensmitteln zu verarbeiten. Dies ist keine allergische Reaktion, sondern eine physiologische Reaktion, die in der Regel durch einen Mangel an bestimmten Enzymen oder durch die Unf\u00e4higkeit des K\u00f6rpers, bestimmte Substanzen zu verdauen, verursacht wird.<\/p>\n<p><strong>H\u00e4ufige Formen von Nahrungsmittelunvertr\u00e4glichkeiten:<\/strong><\/p>\n<ol>\n<li><strong>Laktoseintoleranz:<\/strong> Laktoseintoleranz ist eine der h\u00e4ufigsten Formen der Nahrungsmittelunvertr\u00e4glichkeit und entsteht, wenn der K\u00f6rper nicht gen\u00fcgend <strong>Laktase<\/strong> produziert, das Enzym, das den Milchzucker (Laktose) abbaut. Dies f\u00fchrt zu Verdauungsst\u00f6rungen, wie Bl\u00e4hungen, Bauchschmerzen und Durchfall, nach dem Konsum von Milchprodukten.<\/li>\n<li><strong>Fruktoseintoleranz:<\/strong> Bei der Fruktoseintoleranz hat der K\u00f6rper Schwierigkeiten, Fruktose, den Zucker in vielen Fr\u00fcchten, Honig und bestimmten verarbeiteten Lebensmitteln, zu verdauen. Dies kann Symptome wie Bauchschmerzen, Bl\u00e4hungen und Durchfall verursachen.<\/li>\n<li><strong>Glutenunvertr\u00e4glichkeit (nicht-z\u00f6liakische Glutenempfindlichkeit):<\/strong> Menschen mit einer Glutenunvertr\u00e4glichkeit reagieren empfindlich auf <strong>Gluten<\/strong>, ein Protein in Weizen, Roggen und Gerste. Im Gegensatz zur Z\u00f6liakie f\u00fchrt dies jedoch nicht zu einer Sch\u00e4digung des D\u00fcnndarms, sondern zu Beschwerden wie Bl\u00e4hungen, Durchfall oder Verstopfung, M\u00fcdigkeit und Bauchschmerzen.<\/li>\n<li><strong>Histaminintoleranz:<\/strong> Bei der Histaminintoleranz hat der K\u00f6rper Schwierigkeiten, <strong>Histamin<\/strong> abzubauen, einen Stoff, der in fermentierten Lebensmitteln, wie K\u00e4se, Wein und Wurstwaren, vorkommt. Zu den Symptomen geh\u00f6ren Kopfschmerzen, Hautausschl\u00e4ge, Magen-Darm-Beschwerden und Atemprobleme.<\/li>\n<\/ol>\n<p>[\/vc_column_text][vc_empty_space alter_height=&#8220;medium&#8220; hide_on_mobile=&#8220;&#8220;][\/vc_column][\/vc_row][vc_row][vc_column icons_position=&#8220;left&#8220;][vc_column_text css=&#8220;&#8220; el_class=&#8220;read-more-container&#8220;]<strong>Nahrungsmittelallergien<\/strong><\/p>\n<p><strong>Nahrungsmittelallergien<\/strong> entstehen, wenn das Immunsystem auf bestimmte Proteine in Lebensmitteln reagiert, die f\u00e4lschlicherweise als sch\u00e4dlich angesehen werden. Dies f\u00fchrt zu einer Immunreaktion, die als <strong>IgE-vermittelte Allergie<\/strong> bezeichnet wird. Allergische Reaktionen k\u00f6nnen mild bis schwerwiegend sein und in einigen F\u00e4llen sogar lebensbedrohlich werden, insbesondere wenn sie zu <strong>Anaphylaxie<\/strong> f\u00fchren.<\/p>\n<p><strong>H\u00e4ufige Nahrungsmittelallergien:<\/strong><\/p>\n<ol>\n<li><strong>Milchallergie (Kuhmilchallergie):<\/strong> Eine <strong>Milchallergie<\/strong> tritt auf, wenn das Immunsystem auf das Protein <strong>Kasein<\/strong> oder <strong>Laktalbumin<\/strong> in der Kuhmilch reagiert. Besonders bei S\u00e4uglingen und Kleinkindern kann dies zu Hautausschl\u00e4gen, Magen-Darm-Beschwerden oder sogar schweren Reaktionen wie Atemnot f\u00fchren.<\/li>\n<li><strong>Eierallergie:<\/strong> Die Eierallergie, meist gegen <strong>Eierwei\u00df<\/strong>, f\u00fchrt zu einer allergischen Reaktion, die von Hautausschl\u00e4gen und Bauchschmerzen bis hin zu schwereren Reaktionen wie Atemnot reichen kann. Diese Allergie betrifft besonders Kinder.<\/li>\n<li><strong>Nussallergie:<\/strong> <strong>Baumn\u00fcsse<\/strong> (wie Waln\u00fcsse, Haseln\u00fcsse) und <strong>Erdn\u00fcsse<\/strong> geh\u00f6ren zu den h\u00e4ufigsten Ausl\u00f6sern von allergischen Reaktionen. Eine Nussallergie kann zu Symptomen wie Hautausschl\u00e4gen, Schwellungen, Atemnot oder einer lebensbedrohlichen <strong>Anaphylaxie<\/strong> f\u00fchren.<\/li>\n<li><strong>Fisch- und Meeresfr\u00fcchteallergien:<\/strong> Sowohl <strong>Fisch<\/strong> (z.B. Lachs, Thunfisch) als auch <strong>Schalentiere<\/strong> (z.B. Krabben, Garnelen) sind h\u00e4ufige Allergene. Eine allergische Reaktion auf diese Lebensmittel kann schnell sehr ernst werden und zu Anaphylaxie f\u00fchren.<\/li>\n<li><strong>Weizenallergie:<\/strong> Eine <strong>Weizenallergie<\/strong> ist eine Immunantwort auf Weizenproteine und unterscheidet sich von einer Glutenunvertr\u00e4glichkeit oder Z\u00f6liakie. Sie kann Symptome wie Hautausschl\u00e4ge, Asthma oder Magen-Darm-Beschwerden ausl\u00f6sen.<\/li>\n<li><strong>Soja- und Sesamallergien:<\/strong> <strong>Soja<\/strong> und <strong>Sesam<\/strong> sind ebenfalls h\u00e4ufige Ausl\u00f6ser f\u00fcr allergische Reaktionen. Besonders in asiatischen und veganen Ern\u00e4hrungsweisen kommen diese Lebensmittel oft vor.<\/li>\n<\/ol>\n<p><strong>Unterschiede zwischen Nahrungsmittelunvertr\u00e4glichkeiten und Allergien<\/strong><\/p>\n<ul>\n<li><strong>Ursache:<\/strong><br \/>\nBei <strong>Unvertr\u00e4glichkeiten<\/strong> liegt die Ursache h\u00e4ufig in einem Enzymmangel oder einer schlechten Verdauung bestimmter Lebensmittelbestandteile. Allergien hingegen sind eine Immunreaktion, bei der das Immunsystem bestimmte Lebensmittelproteine als Bedrohung einstuft.<\/li>\n<li><strong>Symptome:<\/strong><br \/>\nUnvertr\u00e4glichkeiten f\u00fchren oft zu Magen-Darm-Beschwerden wie Bl\u00e4hungen, Bauchschmerzen, \u00dcbelkeit oder Durchfall. Allergien hingegen k\u00f6nnen neben Magen-Darm-Problemen auch zu <strong>Hautausschl\u00e4gen<\/strong>, <strong>Schwellungen<\/strong>, <strong>Atemnot<\/strong> und in schweren F\u00e4llen zu <strong>Anaphylaxie<\/strong> f\u00fchren.<\/li>\n<li><strong>Schweregrad:<\/strong><br \/>\n<strong>Allergische Reaktionen<\/strong> k\u00f6nnen pl\u00f6tzlich auftreten und auch lebensbedrohlich sein, w\u00e4hrend <strong>Unvertr\u00e4glichkeiten<\/strong> in der Regel weniger dramatisch sind, aber dennoch unangenehme Symptome verursachen k\u00f6nnen.<\/li>\n<\/ul>\n<p><strong>Diagnose von Nahrungsmittelunvertr\u00e4glichkeiten und -allergien<\/strong><\/p>\n<p>Die Diagnose von Nahrungsmittelallergien und -unvertr\u00e4glichkeiten erfolgt in der Regel durch eine Kombination aus <strong>Anamnese<\/strong>, <strong>Bluttests<\/strong> und <strong>Hauttests<\/strong>. Bei einer <strong>Nahrungsmittelallergie<\/strong> kann ein <strong>Pricktest<\/strong> (Hauttest, beim Dermatologen) oder ein <strong>Bluttest<\/strong> (zur Messung von IgE-Antik\u00f6rpern) durchgef\u00fchrt werden. F\u00fcr <strong>Nahrungsmittelunvertr\u00e4glichkeiten<\/strong>, wie Laktoseintoleranz oder Fruktosemalabsorption, werden h\u00e4ufig <strong>Atemtests<\/strong> verwendet, bei denen die Menge an Wasserstoff in der Ausatemluft gemessen wird, um eine Verdauungsst\u00f6rung nachzuweisen.<\/p>\n<p>Ein <strong>Ern\u00e4hrungstagebuch<\/strong> kann ebenfalls hilfreich sein, um spezifische Lebensmittel oder Lebensmittelgruppen zu identifizieren, die Symptome ausl\u00f6sen.<\/p>\n<p>Nahrungsmittelunvertr\u00e4glichkeiten und -allergien betreffen immer mehr Menschen und k\u00f6nnen die Lebensqualit\u00e4t erheblich beeintr\u00e4chtigen. W\u00e4hrend <strong>Unvertr\u00e4glichkeiten<\/strong> oft mit Verdauungsproblemen einhergehen und keine immunologische Reaktion hervorrufen, sind <strong>Allergien<\/strong> eine ernste Reaktion des Immunsystems, die in einigen F\u00e4llen lebensbedrohlich werden kann. Die richtige Diagnose ist entscheidend, um herauszufinden, ob es sich um eine Unvertr\u00e4glichkeit oder eine Allergie handelt, und um geeignete Ma\u00dfnahmen zu ergreifen, um Symptome zu lindern und eine Verschlechterung zu vermeiden.[\/vc_column_text][vc_empty_space alter_height=&#8220;medium&#8220; hide_on_mobile=&#8220;&#8220;]<div class=\"sc_item_button sc_button_wrap sc_align_right\"><a href=\"#nahrung\" id=\"sc_button_1025117483\" class=\"sc_button color_style_default sc_button_default read-more-btn sc_button_size_normal sc_button_icon_left\"><span class=\"sc_button_text sc_align_center\"><span class=\"sc_button_title\">Mehr anzeigen<\/span><\/span><!-- \/.sc_button_text --><\/a><!-- \/.sc_button --><\/div><!-- \/.sc_item_button -->[vc_separator css=&#8220;&#8220;][\/vc_column][\/vc_row][vc_row css_animation=&#8220;fadeInRight&#8220;][vc_column width=&#8220;1\/2&#8243; icons_position=&#8220;left&#8220;][vc_column_text css=&#8220;&#8220;]<\/p>\n<h6>Pr\u00e4vention von N\u00e4hrstoffm\u00e4ngeln<\/h6>\n<p>[\/vc_column_text][vc_empty_space alter_height=&#8220;medium&#8220; hide_on_mobile=&#8220;&#8220;][vc_single_image image=&#8220;861&#8243; img_size=&#8220;500&#215;300&#8243; alignment=&#8220;center&#8220; css=&#8220;&#8220;][vc_empty_space hide_on_mobile=&#8220;&#8220;][vc_empty_space alter_height=&#8220;medium&#8220; hide_on_mobile=&#8220;&#8220;][\/vc_column][vc_column width=&#8220;1\/2&#8243; icons_position=&#8220;left&#8220;][vc_empty_space alter_height=&#8220;huge&#8220; hide_on_mobile=&#8220;&#8220;][vc_column_text css=&#8220;&#8220;]Ein pr\u00e4ventiver Ansatz zur Vermeidung von N\u00e4hrstoffm\u00e4ngeln ist von zentraler Bedeutung f\u00fcr die langfristige Gesundheit. Oft sind Mikron\u00e4hrstoffm\u00e4ngel nicht sofort sp\u00fcrbar, k\u00f6nnen jedoch mit der Zeit zu vielf\u00e4ltigen Beschwerden f\u00fchren und das Immunsystem sowie den gesamten Stoffwechsel belasten.[\/vc_column_text][\/vc_column][\/vc_row][vc_row css_animation=&#8220;fadeInUp&#8220;][vc_column icons_position=&#8220;left&#8220;][vc_empty_space alter_height=&#8220;medium&#8220; hide_on_mobile=&#8220;&#8220;][vc_column_text css=&#8220;&#8220;]In unserer Praxis setzen wir auf die pr\u00e4ventive \u00dcberpr\u00fcfung der Mikron\u00e4hrstoffversorgung durch <strong>Blutanalysen<\/strong>, um potenzielle M\u00e4ngel fr\u00fchzeitig zu erkennen. Bluttests k\u00f6nnen gezielt Werte wie <strong>Vitamin D<\/strong>, <strong>B12<\/strong>, <strong>Magnesium<\/strong>, <strong>Eisen<\/strong> oder <strong>Fols\u00e4ure<\/strong> \u00fcberpr\u00fcfen und eine pr\u00e4zise Einsch\u00e4tzung des N\u00e4hrstoffstatus erm\u00f6glichen. Dies bildet die Grundlage f\u00fcr eine individuelle Beratung zur <strong>Ern\u00e4hrungsoptimierung<\/strong> und zur gezielten <strong>Nahrungserg\u00e4nzung<\/strong>.<\/p>\n<p>Durch die regelm\u00e4\u00dfige Kontrolle Ihrer Mikron\u00e4hrstoffwerte und eine angepasste Ern\u00e4hrung lassen sich viele gesundheitliche Risiken minimieren und die allgemeine Vitalit\u00e4t steigern. Dieser pr\u00e4ventive Ansatz erm\u00f6glicht es, aufkommende M\u00e4ngel fr\u00fchzeitig zu korrigieren und die Gesundheit nachhaltig zu f\u00f6rdern.[\/vc_column_text][\/vc_column][\/vc_row]<\/p>\n<\/div>","protected":false},"excerpt":{"rendered":"<p>[vc_row css_animation=&#8220;none&#8220;][vc_column icons_position=&#8220;left&#8220;][vc_empty_space alter_height=&#8220;medium&#8220; hide_on_mobile=&#8220;&#8220;][\/vc_column][\/vc_row][vc_row css_animation=&#8220;fadeInLeft&#8220;][vc_column width=&#8220;1\/2&#8243; icons_position=&#8220;left&#8220;][vc_column_text css=&#8220;&#8220;] Darmgesundheit Der Darm spielt eine entscheidende Rolle in der Entstehung, dem Verlauf und der Heilung vieler Erkrankungen. Wenn das Gleichgewicht der Darmflora gest\u00f6rt ist, k\u00f6nnen sich zahlreiche gesundheitliche Probleme manifestieren, die oft nicht nur den Darm betreffen, sondern den gesamten K\u00f6rper. In der Naturheilkunde betrachtet man den Darm als einen zentralen&hellip;<\/p>\n","protected":false},"author":2,"featured_media":479,"parent":0,"menu_order":0,"comment_status":"closed","ping_status":"closed","template":"","meta":{"footnotes":""},"class_list":["post-50","page","type-page","status-publish","has-post-thumbnail","hentry"],"_links":{"self":[{"href":"https:\/\/naturheilpraxis-beckmann.de\/index.php?rest_route=\/wp\/v2\/pages\/50","targetHints":{"allow":["GET"]}}],"collection":[{"href":"https:\/\/naturheilpraxis-beckmann.de\/index.php?rest_route=\/wp\/v2\/pages"}],"about":[{"href":"https:\/\/naturheilpraxis-beckmann.de\/index.php?rest_route=\/wp\/v2\/types\/page"}],"author":[{"embeddable":true,"href":"https:\/\/naturheilpraxis-beckmann.de\/index.php?rest_route=\/wp\/v2\/users\/2"}],"replies":[{"embeddable":true,"href":"https:\/\/naturheilpraxis-beckmann.de\/index.php?rest_route=%2Fwp%2Fv2%2Fcomments&post=50"}],"version-history":[{"count":66,"href":"https:\/\/naturheilpraxis-beckmann.de\/index.php?rest_route=\/wp\/v2\/pages\/50\/revisions"}],"predecessor-version":[{"id":874,"href":"https:\/\/naturheilpraxis-beckmann.de\/index.php?rest_route=\/wp\/v2\/pages\/50\/revisions\/874"}],"wp:featuredmedia":[{"embeddable":true,"href":"https:\/\/naturheilpraxis-beckmann.de\/index.php?rest_route=\/wp\/v2\/media\/479"}],"wp:attachment":[{"href":"https:\/\/naturheilpraxis-beckmann.de\/index.php?rest_route=%2Fwp%2Fv2%2Fmedia&parent=50"}],"curies":[{"name":"wp","href":"https:\/\/api.w.org\/{rel}","templated":true}]}}