{"id":53,"date":"2024-08-17T18:25:12","date_gmt":"2024-08-17T16:25:12","guid":{"rendered":"https:\/\/naturheilpraxis-beckmann.de\/?page_id=53"},"modified":"2025-01-01T18:59:26","modified_gmt":"2025-01-01T17:59:26","slug":"fussreflexzonentherape","status":"publish","type":"page","link":"https:\/\/naturheilpraxis-beckmann.de\/?page_id=53","title":{"rendered":"Fu\u00dfreflexzonentherapie"},"content":{"rendered":"<div class=\"wpb-content-wrapper\"><p>[vc_row][vc_column icons_position=&#8220;left&#8220;][vc_empty_space alter_height=&#8220;medium&#8220; hide_on_mobile=&#8220;&#8220;][\/vc_column][\/vc_row][vc_row css_animation=&#8220;fadeInLeft&#8220;][vc_column width=&#8220;1\/2&#8243; icons_position=&#8220;left&#8220;][vc_column_text css=&#8220;&#8220;]<\/p>\n<h6>Fu\u00dfreflexzonenmassage<\/h6>\n<p>[\/vc_column_text][vc_empty_space alter_height=&#8220;small&#8220; hide_on_mobile=&#8220;&#8220;][vc_column_text css=&#8220;&#8220;]Die Fu\u00dfreflexzonenmassage basiert auf der Vorstellung von Dr. med. William Fitzgerald, dass die F\u00fc\u00dfe \u00fcber Nervenbahnen mit allen Organen des K\u00f6rpers verkn\u00fcpft sind. Er teilte den menschlichen K\u00f6rper in zehn vertikale Zonen ein: vom Kopf bis zu den H\u00e4nden und durch den Rumpf zu den F\u00fc\u00dfen f\u00fchrend. So ergibt sich eine Lagebestimmung der Organe bzw. der Reflexzonen in der Senkrechten.<\/p>\n<p><!-- \/wp:post-content --><!-- wp:paragraph -->Die zugeordneten Organsysteme sind \u00fcber Segmente auf bestimmte Bereiche auf den Fu\u00dfsohlen und angrenzende Bereiche projiziert. So befinden sich die Reflexzonen der Organe der rechten K\u00f6rperh\u00e4lfte am rechten Fu\u00df und die der linken K\u00f6rperh\u00e4lfte am linken Fu\u00df. Die Zonen der paarig angelegten Organe befinden sich an beiden F\u00fc\u00dfen.[\/vc_column_text][vc_empty_space alter_height=&#8220;small&#8220; hide_on_mobile=&#8220;&#8220;][\/vc_column][vc_column width=&#8220;1\/2&#8243; icons_position=&#8220;left&#8220;][vc_empty_space alter_height=&#8220;large&#8220; hide_on_mobile=&#8220;&#8220;][vc_single_image image=&#8220;204&#8243; img_size=&#8220;full&#8220; alignment=&#8220;center&#8220; css=&#8220;&#8220;][\/vc_column][\/vc_row][vc_row][vc_column icons_position=&#8220;left&#8220;][vc_empty_space alter_height=&#8220;medium&#8220; hide_on_mobile=&#8220;&#8220;][\/vc_column][\/vc_row][vc_row css_animation=&#8220;fadeInRight&#8220;][vc_column width=&#8220;1\/2&#8243; icons_position=&#8220;left&#8220;][vc_empty_space hide_on_mobile=&#8220;&#8220;][vc_single_image image=&#8220;241&#8243; img_size=&#8220;full&#8220; alignment=&#8220;center&#8220; css=&#8220;&#8220;][vc_empty_space alter_height=&#8220;small&#8220; hide_on_mobile=&#8220;&#8220;][\/vc_column][vc_column width=&#8220;1\/2&#8243; icons_position=&#8220;left&#8220;][vc_empty_space height=&#8220;60px&#8220; alter_height=&#8220;small&#8220; hide_on_mobile=&#8220;&#8220;][vc_column_text css=&#8220;&#8220;]Anhand der Beschaffenheit der Reflexzonen lassen sich R\u00fcckschl\u00fcsse auf den Zustand des dazugeh\u00f6rigen Organs ziehen. Ist ein Organ geschw\u00e4cht, kann es \u00fcber seine Reflexzone angeregt bzw. gest\u00e4rkt werden. Ist ein Organ in einer \u00dcberfunktion, kann es \u00fcber seine Reflexzone harmonisiert bzw. beruhigt werden.<\/p>\n<p>Das Ziel der Massage ist das allgemeine Wohlbefinden im ganzen K\u00f6rper zu verbessern.<\/p>\n<p><!-- \/wp:paragraph --><!-- wp:paragraph -->Durch eine gezielte Massage der Reflexzonen k\u00f6nnen aber auch akute Symptome unterst\u00fctzend behandelt werden.[\/vc_column_text][vc_empty_space alter_height=&#8220;small&#8220; hide_on_mobile=&#8220;&#8220;][\/vc_column][\/vc_row][vc_row css_animation=&#8220;fadeInUp&#8220;][vc_column icons_position=&#8220;left&#8220;][vc_empty_space alter_height=&#8220;small&#8220; hide_on_mobile=&#8220;&#8220;][vc_column_text css=&#8220;&#8220;]<\/p>\n<p>Die Fu\u00dfreflexzonenmassage kann folgende positive Wirkung auf den K\u00f6rper und die Psyche haben:<\/p>\n<!-- \/wp:paragraph --><br \/><!-- wp:list -->\n<ul class=\"wp-block-list\">\n<li style=\"list-style-type: none;\">\n<ul class=\"wp-block-list\">\n<li style=\"list-style-type: none;\">\n<ul class=\"wp-block-list\"><!-- wp:list-item --><\/p>\n<li>Anregung der Durchblutung<\/li>\n<\/ul>\n<\/li>\n<\/ul>\n<!-- \/wp:list-item --><br \/><!-- wp:list-item -->\n<ul class=\"wp-block-list\">\n<li style=\"list-style-type: none;\">\n<ul class=\"wp-block-list\">\n<li>Stressabbau<\/li>\n<\/ul>\n<\/li>\n<\/ul>\n<!-- \/wp:list-item --><br \/><!-- wp:list-item -->\n<ul class=\"wp-block-list\">\n<li style=\"list-style-type: none;\">\n<ul class=\"wp-block-list\">\n<li>Anheben der Stimmung<\/li>\n<\/ul>\n<\/li>\n<\/ul>\n<!-- \/wp:list-item --><br \/><!-- wp:list-item -->\n<ul class=\"wp-block-list\">\n<li style=\"list-style-type: none;\">\n<ul class=\"wp-block-list\">\n<li>Verbessertes Ein- und Durchschlafen<\/li>\n<\/ul>\n<\/li>\n<\/ul>\n<!-- \/wp:list-item --><br \/><!-- wp:list-item -->\n<ul class=\"wp-block-list\">\n<li style=\"list-style-type: none;\">\n<ul class=\"wp-block-list\">\n<li>Linderung von Schmerzen<\/li>\n<\/ul>\n<\/li>\n<\/ul>\n<!-- \/wp:list-item --><br \/><!-- wp:list-item -->\n<ul class=\"wp-block-list\">\n<li style=\"list-style-type: none;\">\n<ul class=\"wp-block-list\">\n<li>Verringern von Organ- und Gelenkbeschwerden<\/li>\n<\/ul>\n<\/li>\n<\/ul>\n<!-- \/wp:list-item --><br \/><!-- wp:list-item -->\n<ul class=\"wp-block-list\">\n<li style=\"list-style-type: none;\">\n<ul class=\"wp-block-list\">\n<li>L\u00f6sen von Verspannungen<\/li>\n<\/ul>\n<\/li>\n<\/ul>\n<!-- \/wp:list-item --><br \/><!-- wp:list-item -->\n<ul class=\"wp-block-list\">\n<li>Aktivierung der Selbstheilungskr\u00e4fte<\/li>\n<\/ul>\n<\/li>\n<\/ul>\n<p><!-- \/wp:list-item --><!-- \/wp:list -->\u00a0<\/p>\n<p><!-- wp:paragraph --><strong>Eine Fu\u00dfreflexzonenmassage zur Entspannung oder im Rahmen einer Therapie dauert inklusive Vorgespr\u00e4ch ca. 45 Minuten.<br \/>Die Kosten liegen bei 65,- \u20ac<\/strong><\/p>\n<p>[\/vc_column_text][vc_separator css=&#8220;&#8220;][\/vc_column][\/vc_row][vc_row][vc_column icons_position=&#8220;left&#8220;][vc_empty_space alter_height=&#8220;medium&#8220; hide_on_mobile=&#8220;&#8220;][\/vc_column][\/vc_row]<\/p>\n<\/div>","protected":false},"excerpt":{"rendered":"<p>[vc_row][vc_column icons_position=&#8220;left&#8220;][vc_empty_space alter_height=&#8220;medium&#8220; hide_on_mobile=&#8220;&#8220;][\/vc_column][\/vc_row][vc_row css_animation=&#8220;fadeInLeft&#8220;][vc_column width=&#8220;1\/2&#8243; icons_position=&#8220;left&#8220;][vc_column_text css=&#8220;&#8220;] Fu\u00dfreflexzonenmassage [\/vc_column_text][vc_empty_space alter_height=&#8220;small&#8220; hide_on_mobile=&#8220;&#8220;][vc_column_text css=&#8220;&#8220;]Die Fu\u00dfreflexzonenmassage basiert auf der Vorstellung von Dr. med. William Fitzgerald, dass die F\u00fc\u00dfe \u00fcber Nervenbahnen mit allen Organen des K\u00f6rpers verkn\u00fcpft sind. Er teilte den menschlichen K\u00f6rper in zehn vertikale Zonen ein: vom Kopf bis zu den H\u00e4nden und durch den Rumpf zu den F\u00fc\u00dfen f\u00fchrend. So&hellip;<\/p>\n","protected":false},"author":2,"featured_media":0,"parent":0,"menu_order":0,"comment_status":"closed","ping_status":"closed","template":"","meta":{"footnotes":""},"class_list":["post-53","page","type-page","status-publish","hentry"],"_links":{"self":[{"href":"https:\/\/naturheilpraxis-beckmann.de\/index.php?rest_route=\/wp\/v2\/pages\/53","targetHints":{"allow":["GET"]}}],"collection":[{"href":"https:\/\/naturheilpraxis-beckmann.de\/index.php?rest_route=\/wp\/v2\/pages"}],"about":[{"href":"https:\/\/naturheilpraxis-beckmann.de\/index.php?rest_route=\/wp\/v2\/types\/page"}],"author":[{"embeddable":true,"href":"https:\/\/naturheilpraxis-beckmann.de\/index.php?rest_route=\/wp\/v2\/users\/2"}],"replies":[{"embeddable":true,"href":"https:\/\/naturheilpraxis-beckmann.de\/index.php?rest_route=%2Fwp%2Fv2%2Fcomments&post=53"}],"version-history":[{"count":42,"href":"https:\/\/naturheilpraxis-beckmann.de\/index.php?rest_route=\/wp\/v2\/pages\/53\/revisions"}],"predecessor-version":[{"id":958,"href":"https:\/\/naturheilpraxis-beckmann.de\/index.php?rest_route=\/wp\/v2\/pages\/53\/revisions\/958"}],"wp:attachment":[{"href":"https:\/\/naturheilpraxis-beckmann.de\/index.php?rest_route=%2Fwp%2Fv2%2Fmedia&parent=53"}],"curies":[{"name":"wp","href":"https:\/\/api.w.org\/{rel}","templated":true}]}}