{"id":546,"date":"2024-12-17T18:47:50","date_gmt":"2024-12-17T17:47:50","guid":{"rendered":"https:\/\/naturheilpraxis-beckmann.de\/?page_id=546"},"modified":"2025-01-01T19:01:30","modified_gmt":"2025-01-01T18:01:30","slug":"leaky-gut-syndrom","status":"publish","type":"page","link":"https:\/\/naturheilpraxis-beckmann.de\/?page_id=546","title":{"rendered":"Leaky Gut Syndrom"},"content":{"rendered":"<div class=\"wpb-content-wrapper\"><p>[vc_row][vc_column icons_position=&#8220;left&#8220;][vc_empty_space alter_height=&#8220;medium&#8220; hide_on_mobile=&#8220;&#8220;][\/vc_column][\/vc_row][vc_row css_animation=&#8220;fadeInLeft&#8220;][vc_column width=&#8220;1\/2&#8243; icons_position=&#8220;left&#8220;][vc_empty_space alter_height=&#8220;medium&#8220; hide_on_mobile=&#8220;&#8220;][vc_column_text css=&#8220;&#8220;]Was sind die Symptome des durchl\u00e4ssigen Darms und wie entsteht das Leaky Gut Syndrom?<\/p>\n<p>Das <strong>Leaky<\/strong><strong> Gut Syndrom<\/strong> (auch &#8222;durchl\u00e4ssiger Darm&#8220; genannt) ist ein Zustand, bei dem die Darmschleimhaut gesch\u00e4digt wird und der Darm dadurch durchl\u00e4ssiger wird. Dies bedeutet, dass sch\u00e4dliche Substanzen wie unverdaute Nahrungsbestandteile, Toxine oder Krankheitserreger in den Blutkreislauf gelangen k\u00f6nnen, was zu einer Vielzahl gesundheitlicher Probleme f\u00fchren kann.[\/vc_column_text][\/vc_column][vc_column width=&#8220;1\/2&#8243; icons_position=&#8220;left&#8220;][vc_empty_space alter_height=&#8220;small&#8220; hide_on_mobile=&#8220;&#8220;][vc_single_image image=&#8220;568&#8243; img_size=&#8220;500&#215;350&#8243; alignment=&#8220;center&#8220; css=&#8220;&#8220;][vc_empty_space alter_height=&#8220;medium&#8220; hide_on_mobile=&#8220;&#8220;][\/vc_column][\/vc_row][vc_row css_animation=&#8220;fadeIn&#8220;][vc_column icons_position=&#8220;left&#8220;][vc_column_text css=&#8220;&#8220;]<!-- \/wp:post-content --><\/p>\n<p><!-- wp:paragraph --><strong>Wie funktioniert der Darm unter normalen Umst\u00e4nden?<\/strong><\/p>\n<!-- \/wp:paragraph -->\n<p><!-- wp:paragraph -->Im gesunden Zustand ist die Darmschleimhaut von einer Schicht enger Zellverbindungen (den sogenannten <strong>Tight <\/strong><strong>Junctions<\/strong>) gesch\u00fctzt. Diese Barriere sorgt daf\u00fcr, dass nur N\u00e4hrstoffe in den Blutkreislauf aufgenommen werden, w\u00e4hrend sch\u00e4dliche Stoffe drau\u00dfen bleiben.<\/p>\n<!-- \/wp:paragraph -->\n<p><!-- wp:paragraph --><strong>Was passiert beim <\/strong><strong>Leaky<\/strong><strong> Gut Syndrom?<\/strong><\/p>\n<!-- \/wp:paragraph -->\n<p><!-- wp:paragraph -->Bei einem <strong>Leaky<\/strong><strong> Gut<\/strong> sind diese Tight\u00a0Junctions geschw\u00e4cht oder ge\u00f6ffnet, wodurch die Darmwand durchl\u00e4ssiger wird. Unerw\u00fcnschte Stoffe wie Toxine oder unverdaute Nahrungsmittel k\u00f6nnen in den Blutkreislauf gelangen. Der K\u00f6rper erkennt diese Substanzen als fremd und reagiert mit einer Immunantwort, was Entz\u00fcndungen und Gesundheitsprobleme zur Folge haben kann.<\/p>\n<!-- \/wp:paragraph -->\n<p><!-- wp:paragraph --><strong>M\u00f6gliche Symptome des <\/strong><strong>Leaky<\/strong><strong> Gut Syndroms<\/strong><\/p>\n<!-- \/wp:paragraph -->\n<p><!-- wp:paragraph -->Obwohl das Leaky Gut Syndrom noch nicht als eigenst\u00e4ndige Krankheit anerkannt ist, wird es mit zahlreichen gesundheitlichen Beschwerden in Verbindung gebracht, darunter:<\/p>\n<!-- \/wp:paragraph --><br \/><!-- wp:list -->\n<ul class=\"wp-block-list\">\n<li style=\"list-style-type: none;\">\n<ul class=\"wp-block-list\">\n<li style=\"list-style-type: none;\">\n<ul class=\"wp-block-list\"><!-- wp:list-item --><\/p>\n<li><strong>Verdauungsprobleme<\/strong>: Bl\u00e4hungen, Durchfall oder Verstopfung<\/li>\n<\/ul>\n<\/li>\n<\/ul>\n<!-- \/wp:list-item --><br \/><!-- wp:list-item -->\n<ul class=\"wp-block-list\">\n<li style=\"list-style-type: none;\">\n<ul class=\"wp-block-list\">\n<li><strong>Nahrungsmittelunvertr\u00e4glichkeiten<\/strong><\/li>\n<\/ul>\n<\/li>\n<\/ul>\n<!-- \/wp:list-item --><br \/><!-- wp:list-item -->\n<ul class=\"wp-block-list\">\n<li style=\"list-style-type: none;\">\n<ul class=\"wp-block-list\">\n<li><strong>Autoimmunerkrankungen<\/strong> wie rheumatoide Arthritis oder Z\u00f6liakie<\/li>\n<\/ul>\n<\/li>\n<\/ul>\n<!-- \/wp:list-item --><br \/><!-- wp:list-item -->\n<ul class=\"wp-block-list\">\n<li style=\"list-style-type: none;\">\n<ul class=\"wp-block-list\">\n<li><strong>Chronische Entz\u00fcndungen<\/strong> und Schmerzen<\/li>\n<\/ul>\n<\/li>\n<\/ul>\n<!-- \/wp:list-item --><br \/><!-- wp:list-item -->\n<ul class=\"wp-block-list\">\n<li style=\"list-style-type: none;\">\n<ul class=\"wp-block-list\">\n<li><strong>Hautprobleme<\/strong> wie Akne oder Ekzeme<\/li>\n<\/ul>\n<\/li>\n<\/ul>\n<!-- \/wp:list-item --><br \/><!-- wp:list-item -->\n<ul class=\"wp-block-list\">\n<li style=\"list-style-type: none;\">\n<ul class=\"wp-block-list\">\n<li><strong>Ersch\u00f6pfung und M\u00fcdigkeit<\/strong> (auch als &#8222;Fatigue&#8220; bekannt)<\/li>\n<\/ul>\n<\/li>\n<\/ul>\n<!-- \/wp:list-item --><br \/><!-- wp:list-item -->\n<ul class=\"wp-block-list\">\n<li><strong>Kognitive Beeintr\u00e4chtigungen<\/strong> (z. B. Konzentrationsst\u00f6rungen oder &#8222;Brain Fog&#8220;)<\/li>\n<\/ul>\n<\/li>\n<\/ul>\n<!-- \/wp:list-item --><!-- \/wp:list -->\n<p><!-- wp:paragraph --><strong>Ursachen des <\/strong><strong>Leaky<\/strong><strong> Gut Syndroms<\/strong><\/p>\n<!-- \/wp:paragraph -->\n<p><!-- wp:paragraph -->Es gibt mehrere Faktoren, die das Leaky Gut Syndrom beg\u00fcnstigen k\u00f6nnen:<\/p>\n<!-- \/wp:paragraph --><br \/><!-- wp:list -->\n<ul class=\"wp-block-list\">\n<li style=\"list-style-type: none;\">\n<ul class=\"wp-block-list\">\n<li style=\"list-style-type: none;\">\n<ul class=\"wp-block-list\"><!-- wp:list-item --><\/p>\n<li><strong>Ern\u00e4hrungsgewohnheiten<\/strong>: Eine Ern\u00e4hrung mit zu viel Zucker, ungesunden Fetten und verarbeiteten Lebensmitteln kann Entz\u00fcndungen f\u00f6rdern und die Darmschleimhaut sch\u00e4digen.<\/li>\n<\/ul>\n<\/li>\n<\/ul>\n<!-- \/wp:list-item --><br \/><!-- wp:list-item -->\n<ul class=\"wp-block-list\">\n<li style=\"list-style-type: none;\">\n<ul class=\"wp-block-list\">\n<li><strong>Chronischer Stress<\/strong>: Stress beeintr\u00e4chtigt die Darmschleimhaut und das Immunsystem.<\/li>\n<\/ul>\n<\/li>\n<\/ul>\n<!-- \/wp:list-item --><br \/><!-- wp:list-item -->\n<ul class=\"wp-block-list\">\n<li style=\"list-style-type: none;\">\n<ul class=\"wp-block-list\">\n<li><strong>Medikamente<\/strong>: Langfristiger Gebrauch von Antibiotika oder Schmerzmitteln (z. B. NSAR) kann das Mikrobiom im Darm st\u00f6ren.<\/li>\n<\/ul>\n<\/li>\n<\/ul>\n<!-- \/wp:list-item --><br \/><!-- wp:list-item -->\n<ul class=\"wp-block-list\">\n<li style=\"list-style-type: none;\">\n<ul class=\"wp-block-list\">\n<li><strong>Dysbiose<\/strong>: Ein Ungleichgewicht der Darmbakterien f\u00f6rdert Entz\u00fcndungen und beeintr\u00e4chtigt die Darmbarriere.<\/li>\n<\/ul>\n<\/li>\n<\/ul>\n<!-- \/wp:list-item --><br \/><!-- wp:list-item -->\n<ul class=\"wp-block-list\">\n<li><strong>Toxine<\/strong>: Umweltgifte und Zigarettenrauch k\u00f6nnen ebenfalls zu einer erh\u00f6hten Durchl\u00e4ssigkeit des Darms f\u00fchren<\/li>\n<\/ul>\n<\/li>\n<\/ul>\n<!-- \/wp:list-item --><!-- \/wp:list --><!-- \/wp:paragraph -->\n<p>&nbsp;<\/p>\n<p>[\/vc_column_text][vc_empty_space alter_height=&#8220;medium&#8220; hide_on_mobile=&#8220;&#8220;][\/vc_column][\/vc_row][vc_row css_animation=&#8220;fadeInRight&#8220;][vc_column width=&#8220;1\/2&#8243; icons_position=&#8220;left&#8220;][vc_empty_space hide_on_mobile=&#8220;&#8220;][vc_single_image image=&#8220;926&#8243; img_size=&#8220;full&#8220; alignment=&#8220;center&#8220; css=&#8220;&#8220;][\/vc_column][vc_column width=&#8220;1\/2&#8243; icons_position=&#8220;left&#8220;][vc_empty_space alter_height=&#8220;large&#8220; hide_on_mobile=&#8220;&#8220;][vc_column_text css=&#8220;&#8220; el_id=&#8220;reizdarm-small&#8220;]<strong>Wie wird das <\/strong><strong>Leaky<\/strong><strong> Gut Syndrom behandelt?<\/strong><\/p>\n<p><!-- \/wp:paragraph --><!-- wp:paragraph -->Die Behandlung des Leaky Gut Syndroms konzentriert sich darauf, die Darmgesundheit wiederherzustellen und die Ursachen zu beseitigen. Zu den empfohlenen Ma\u00dfnahmen geh\u00f6ren:[\/vc_column_text][vc_empty_space alter_height=&#8220;medium&#8220; hide_on_mobile=&#8220;&#8220;][\/vc_column][\/vc_row][vc_row css_animation=&#8220;fadeIn&#8220;][vc_column icons_position=&#8220;left&#8220;][vc_empty_space alter_height=&#8220;medium&#8220; hide_on_mobile=&#8220;&#8220;][vc_column_text css=&#8220;&#8220;]<\/p>\n<ul class=\"wp-block-list\">\n<li style=\"list-style-type: none;\">\n<ul class=\"wp-block-list\">\n<li><strong>Ern\u00e4hrungsumstellung<\/strong>: Eine ausgewogene, entz\u00fcndungshemmende Ern\u00e4hrung, die reich an Ballaststoffen und arm an Zucker ist, unterst\u00fctzt die Heilung des Darms.<\/li>\n<p><!-- \/wp:list-item --><br \/>\n<!-- wp:list-item --><\/p>\n<li><strong>Probiotika und Pr\u00e4biotika<\/strong>: Sie f\u00f6rdern ein gesundes Mikrobiom und helfen, die Darmbarriere zu st\u00e4rken.<\/li>\n<p><!-- \/wp:list-item --><br \/>\n<!-- wp:list-item --><\/p>\n<li><strong>Stressmanagement<\/strong>: Entspannungstechniken wie Meditation, Yoga und ausreichend Schlaf k\u00f6nnen den Stresspegel senken und den Heilungsprozess unterst\u00fctzen.<\/li>\n<p><!-- \/wp:list-item --><br \/>\n<!-- wp:list-item --><\/p>\n<li><strong>Nahrungserg\u00e4nzungsmittel<\/strong>: Spezielle Nahrungserg\u00e4nzungsmittel wie L-Glutamin oder Zink k\u00f6nnen die Darmheilung f\u00f6rdern.<\/li>\n<\/ul>\n<\/li>\n<\/ul>\n<p><!-- \/wp:list-item --><!-- \/wp:list --><!-- wp:paragraph -->Bei Symptomen auf eine gest\u00f6rte Darmschleimhaut kann eine Darmschleimhautdiagnostik sinnvoll sein. Je nach Symptomen bestehen unterschiedliche Verfahren und Auswertungen zur Diagnose zur Verf\u00fcgung.[\/vc_column_text][\/vc_column][\/vc_row]<\/p>\n<\/div>","protected":false},"excerpt":{"rendered":"<p>[vc_row][vc_column icons_position=&#8220;left&#8220;][vc_empty_space alter_height=&#8220;medium&#8220; hide_on_mobile=&#8220;&#8220;][\/vc_column][\/vc_row][vc_row css_animation=&#8220;fadeInLeft&#8220;][vc_column width=&#8220;1\/2&#8243; icons_position=&#8220;left&#8220;][vc_empty_space alter_height=&#8220;medium&#8220; hide_on_mobile=&#8220;&#8220;][vc_column_text css=&#8220;&#8220;]Was sind die Symptome des durchl\u00e4ssigen Darms und wie entsteht das Leaky Gut Syndrom? Das Leaky Gut Syndrom (auch &#8222;durchl\u00e4ssiger Darm&#8220; genannt) ist ein Zustand, bei dem die Darmschleimhaut gesch\u00e4digt wird und der Darm dadurch durchl\u00e4ssiger wird. Dies bedeutet, dass sch\u00e4dliche Substanzen wie unverdaute Nahrungsbestandteile, Toxine oder Krankheitserreger in den Blutkreislauf&hellip;<\/p>\n","protected":false},"author":2,"featured_media":568,"parent":0,"menu_order":0,"comment_status":"closed","ping_status":"closed","template":"","meta":{"footnotes":""},"class_list":["post-546","page","type-page","status-publish","has-post-thumbnail","hentry"],"_links":{"self":[{"href":"https:\/\/naturheilpraxis-beckmann.de\/index.php?rest_route=\/wp\/v2\/pages\/546","targetHints":{"allow":["GET"]}}],"collection":[{"href":"https:\/\/naturheilpraxis-beckmann.de\/index.php?rest_route=\/wp\/v2\/pages"}],"about":[{"href":"https:\/\/naturheilpraxis-beckmann.de\/index.php?rest_route=\/wp\/v2\/types\/page"}],"author":[{"embeddable":true,"href":"https:\/\/naturheilpraxis-beckmann.de\/index.php?rest_route=\/wp\/v2\/users\/2"}],"replies":[{"embeddable":true,"href":"https:\/\/naturheilpraxis-beckmann.de\/index.php?rest_route=%2Fwp%2Fv2%2Fcomments&post=546"}],"version-history":[{"count":8,"href":"https:\/\/naturheilpraxis-beckmann.de\/index.php?rest_route=\/wp\/v2\/pages\/546\/revisions"}],"predecessor-version":[{"id":959,"href":"https:\/\/naturheilpraxis-beckmann.de\/index.php?rest_route=\/wp\/v2\/pages\/546\/revisions\/959"}],"wp:featuredmedia":[{"embeddable":true,"href":"https:\/\/naturheilpraxis-beckmann.de\/index.php?rest_route=\/wp\/v2\/media\/568"}],"wp:attachment":[{"href":"https:\/\/naturheilpraxis-beckmann.de\/index.php?rest_route=%2Fwp%2Fv2%2Fmedia&parent=546"}],"curies":[{"name":"wp","href":"https:\/\/api.w.org\/{rel}","templated":true}]}}