{"id":634,"date":"2024-12-18T17:57:33","date_gmt":"2024-12-18T16:57:33","guid":{"rendered":"https:\/\/naturheilpraxis-beckmann.de\/?page_id=634"},"modified":"2025-02-05T19:17:43","modified_gmt":"2025-02-05T18:17:43","slug":"startseite","status":"publish","type":"page","link":"https:\/\/naturheilpraxis-beckmann.de\/","title":{"rendered":"Startseite"},"content":{"rendered":"<div class=\"wpb-content-wrapper\"><p>[vc_row content_placement=&#8220;middle&#8220; css=&#8220;.vc_custom_1731757480228{padding: 5px 0; background-color: #ffffff; background-position: center; background-size: contain;}&#8220;][vc_column icons_position=&#8220;left&#8220;]\n\t\t\t\t<p class=\"rs-p-wp-fix\"><\/p>\n\t\t\t\t<sr7-module data-alias=\"home-default\" data-id=\"10\" id=\"SR7_10_1\" class=\"rs-ov-hidden\" data-version=\"6.7.25\">\n\t\t\t\t\t<sr7-adjuster><\/sr7-adjuster>\n\t\t\t\t\t<sr7-content>\n\t\t\t\t\t\t<sr7-slide id=\"SR7_10_1-36\" data-key=\"36\">\n\t\t\t\t\t\t\t<sr7-bg id=\"SR7_10_1-36-4\" class=\"sr7-layer\"><noscript><img decoding=\"async\" src=\"https:\/\/naturheilpraxis-beckmann.de\/wp-content\/uploads\/2024\/11\/24073_0655-scaled.jpg\" alt=\"\" title=\"24073_0655\"><\/noscript><\/sr7-bg>\n\t\t\t\t\t\t\t<sr7-txt id=\"SR7_10_1-36-1\" class=\"sr7-layer\">Herzlich Willkommen<\/sr7-txt>\n\t\t\t\t\t\t\t<sr7-txt id=\"SR7_10_1-36-2\" class=\"sr7-layer\">auf der Webseite<br>\nmeiner Naturheilpraxis<\/sr7-txt>\n\t\t\t\t\t\t\t<a id=\"SR7_10_1-36-3\" class=\"sr7-layer\" href=\"https:\/\/naturheilpraxis-beckmann.de\/?page_id=373\" target=\"_self\">Jetzt Termin reservieren<\/a>\n\t\t\t\t\t\t<\/sr7-slide>\n\t\t\t\t\t\t<sr7-slide id=\"SR7_10_1-38\" data-key=\"38\">\n\t\t\t\t\t\t<\/sr7-slide>\n\t\t\t\t\t<\/sr7-content>\n\t\t\t\t\t<image_lists style=\"display:none\">\n\t\t\t\t\t\t<img data-src=\"\/\/naturheilpraxis-beckmann.de\/wp-content\/uploads\/2024\/11\/24073_0655-scaled.jpg\" data-libid=\"458\" data-lib=\"medialibrary\" title=\"24073_0655\" width=\"0\" height=\"0\" data-dbsrc=\"Ly9uYXR1cmhlaWxwcmF4aXMtYmVja21hbm4uZGUvd3AtY29udGVudC91cGxvYWRzLzIwMjQvMTEvMjQwNzNfMDY1NS1zY2FsZWQuanBn\"\/>\n\t\t\t\t\t<\/image_lists>\n\t\t\t\t<\/sr7-module>\n\t\t\t\t<script>\n\t\t\t\t\tSR7.PMH ??={}; SR7.PMH[\"SR7_10_1\"] = {cn:100,state:false,fn: function() { if (_tpt!==undefined && _tpt.prepareModuleHeight !== undefined) {  _tpt.prepareModuleHeight({id:\"SR7_10_1\",el:[805,805,768,960,311],type:'standard',shdw:'0',gh:[805,805,665,505,312],gw:[1240,1240,1024,778,480],vpt:['-200px'],size:{fullWidth:true, fullHeight:false},mh:'0',onh:0,onw:0,bg:{color:'{\"orig\":\"transparent\",\"type\":\"solid\",\"string\":\"transparent\"}'},plType:'0',plColor:'#FFFFFF'});   SR7.PMH[\"SR7_10_1\"].state=true;} else if(SR7.PMH[\"SR7_10_1\"].cn-->0)\tsetTimeout( SR7.PMH[\"SR7_10_1\"].fn,19);}};SR7.PMH[\"SR7_10_1\" ].fn();\n\t\t\t\t<\/script>\n[\/vc_column][\/vc_row][vc_row][vc_column icons_position=&#8220;left&#8220;][vc_empty_space alter_height=&#8220;medium&#8220; hide_on_mobile=&#8220;&#8220;][vc_column_text css=&#8220;&#8220;]<\/p>\n<h4 style=\"text-align: center;\"><em>Die Gesundheit des K\u00f6rpers beginnt im Darm<\/em><\/h4>\n<p>[\/vc_column_text][\/vc_column][\/vc_row][vc_row css_animation=&#8220;fadeInLeft&#8220;][vc_column icons_position=&#8220;left&#8220;][vc_empty_space alter_height=&#8220;medium&#8220; hide_on_mobile=&#8220;&#8220;][vc_column_text css=&#8220;&#8220;]Viele k\u00f6rperliche Beschwerden haben ihren Ursprung im Darm. Ein gest\u00f6rtes Mikrobiom, Unvertr\u00e4glichkeiten oder eine falsche Ern\u00e4hrung wirken sich nicht nur auf die Verdauung aus, sondern k\u00f6nnen auch viele weitere Symptome hervorrufen.<\/p>\n<p>Jeder Mensch ist anders, mit unterschiedlichen Erfahrungen und Bed\u00fcrfnissen. Als Heilpraktikerin ist es mir wichtig, individuell auf Sie einzugehen und den Ursachen Ihrer Beschwerden auf den Grund zu gehen. Alle Therapien passe ich daher Ihren Bed\u00fcrfnissen und W\u00fcnschen an. Mein Ziel ist es, Ihnen zu helfen, die Anforderungen des Alltags mit einem gesunden Lebensstil in Balance zu bringen<\/p>\n<p>In meiner Praxis liegt der <strong>Schwerpunkt<\/strong> auf dem Thema <strong>Darmgesundheit<\/strong> und der Behandlung chronischer, verdauungsbedingter Beschwerden. Weitere Informationen dazu finden Sie <a href=\"https:\/\/naturheilpraxis-beckmann.de\/?page_id=50\">hier<\/a>.[\/vc_column_text][vc_empty_space height=&#8220;100px&#8220; alter_height=&#8220;medium&#8220; hide_on_mobile=&#8220;&#8220;][vc_empty_space alter_height=&#8220;small&#8220; hide_on_mobile=&#8220;&#8220;][\/vc_column][\/vc_row][vc_row full_width=&#8220;stretch_row&#8220; row_delimiter=&#8220;&#8220; row_fixed=&#8220;&#8220; hide_on_tablet=&#8220;&#8220; hide_on_mobile=&#8220;&#8220; hide_on_frontpage=&#8220;&#8220; css=&#8220;.vc_custom_1736971162259{background-color: #FFFAF3 !important;}&#8220;][vc_column icons_position=&#8220;left&#8220;][vc_empty_space alter_height=&#8220;medium&#8220; hide_on_mobile=&#8220;&#8220;][vc_column_text css=&#8220;&#8220;]<\/p>\n<h6 style=\"text-align: center;\"><span style=\"color: #999999;\">Wobei ich unterst\u00fctzen kann<\/span><\/h6>\n<p>[\/vc_column_text][vc_empty_space alter_height=&#8220;medium&#8220; hide_on_mobile=&#8220;&#8220;][vc_row_inner][vc_column_inner width=&#8220;1\/2&#8243; icons_position=&#8220;left&#8220;][vc_column_text css=&#8220;&#8220;]<\/p>\n<ul class=\"trx_addons_list_success_circled\">\n<li><span style=\"color: #999999;\">Nahrungsmittelunvertr\u00e4glichkeiten<\/span><\/li>\n<\/ul>\n<ul class=\"trx_addons_list_success_circled\">\n<li><span style=\"color: #999999;\">Verdauungsbedingte Beschwerden<\/span><\/li>\n<\/ul>\n<ul class=\"trx_addons_list_success_circled\">\n<li><span style=\"color: #999999;\">Darmaufbau nach Antibiotikatherapie<\/span><\/li>\n<\/ul>\n<ul class=\"trx_addons_list_success_circled\">\n<li><span style=\"color: #999999;\">Unterst\u00fctzung bei chronischen Entz\u00fcndungen<\/span><\/li>\n<\/ul>\n<ul class=\"trx_addons_list_success_circled\">\n<li><span style=\"color: #999999;\">Hautproblemen und Akne<\/span><\/li>\n<\/ul>\n<p>[\/vc_column_text][\/vc_column_inner][vc_column_inner width=&#8220;1\/2&#8243; icons_position=&#8220;left&#8220;][vc_column_text css=&#8220;&#8220;]<\/p>\n<ul class=\"trx_addons_list_success_circled\">\n<li><span style=\"color: #999999;\">Gewichtsregulation<\/span><\/li>\n<\/ul>\n<ul class=\"trx_addons_list_success_circled\">\n<li><span style=\"color: #999999;\">H\u00e4ufige und wiederkehrende Infekte<\/span><\/li>\n<\/ul>\n<ul class=\"trx_addons_list_success_circled\">\n<li><span style=\"color: #999999;\">Chronischer M\u00fcdigkeit und Ersch\u00f6pfung<\/span><\/li>\n<\/ul>\n<ul class=\"trx_addons_list_success_circled\">\n<li><span style=\"color: #999999;\">St\u00e4rkung des Immunsystems<\/span><\/li>\n<\/ul>\n<ul class=\"trx_addons_list_success_circled\">\n<li><span style=\"color: #999999;\">Pr\u00e4ventive \u00dcberpr\u00fcfung der Vitalstoffe<\/span><\/li>\n<\/ul>\n<p>[\/vc_column_text][\/vc_column_inner][\/vc_row_inner][vc_empty_space alter_height=&#8220;huge&#8220; hide_on_mobile=&#8220;&#8220;][\/vc_column][\/vc_row][vc_row css_animation=&#8220;fadeIn&#8220;][vc_column icons_position=&#8220;left&#8220;][vc_empty_space alter_height=&#8220;huge&#8220; hide_on_mobile=&#8220;&#8220;]<div id=\"sc_title_946276344\"\n\t\tclass=\"sc_title color_style_default sc_title_default\"><h6 class=\"sc_item_subtitle sc_title_subtitle sc_align_center sc_item_title_style_default\">Wissenswertes<\/h6><h3 class=\"sc_item_title sc_title_title sc_align_center sc_item_title_style_default\">Themenbereiche<\/h3><\/div><!-- \/.sc_title -->[vc_empty_space alter_height=&#8220;small&#8220; hide_on_mobile=&#8220;&#8220;]<div  id=\"sc_price_1400224140\" \n\tclass=\"sc_price color_style_default sc_price_default\"><div class=\"sc_price_columns_wrap sc_item_columns trx_addons_columns_wrap columns_padding_bottom\"><div class=\"trx_addons_column-1_3\"><div class=\"sc_price_item sc_price_item_default\">\n\t\t\t<div class=\"sc_price_item_image\"><img loading=\"lazy\" decoding=\"async\" src=\"https:\/\/naturheilpraxis-beckmann.de\/wp-content\/uploads\/2024\/12\/iStock-1400792117-370x208.jpg\"  width=\"370\" height=\"208\"><\/div><div class=\"sc_price_item_info\"><h3 class=\"sc_price_item_title\"><span>Leaky Gut Syndrom<\/span><\/h3><div class=\"sc_price_item_description\"><span>Was sind die Symptome des durchl\u00e4ssigen Darms und wie entsteht das Leaky-Gut-Syndrom?<p>&nbsp;<\/span><\/div><a href=\"https:\/\/naturheilpraxis-beckmann.de\/?page_id=546\" class=\"sc_price_item_link\">Hier Weiterlesen<\/a><\/div><!-- \/.sc_price_item_info --><\/div><\/div><div class=\"trx_addons_column-1_3\"><div class=\"sc_price_item sc_price_item_default\">\n\t\t\t<div class=\"sc_price_item_image\"><img loading=\"lazy\" decoding=\"async\" src=\"https:\/\/naturheilpraxis-beckmann.de\/wp-content\/uploads\/2024\/12\/iStock-627356286-370x208.jpg\"  width=\"370\" height=\"208\"><\/div><div class=\"sc_price_item_info\"><h3 class=\"sc_price_item_title\"><span>Natur&shy;heilkunde trifft moderne Labor&shy;diagnostik<\/span><\/h3><div class=\"sc_price_item_description\"><span>Warum sich f\u00fcr mich naturheilkundliche Verfahren und Laboranalyse perfekt erg\u00e4nzen.<\/span><\/div><a href=\"https:\/\/naturheilpraxis-beckmann.de\/?page_id=559\" class=\"sc_price_item_link\">Hier Weiterlesen<\/a><\/div><!-- \/.sc_price_item_info --><\/div><\/div><div class=\"trx_addons_column-1_3\"><div class=\"sc_price_item sc_price_item_default\">\n\t\t\t<div class=\"sc_price_item_image\"><img loading=\"lazy\" decoding=\"async\" src=\"https:\/\/naturheilpraxis-beckmann.de\/wp-content\/uploads\/2024\/12\/still-life-2905834_1280-370x208.jpg\"  width=\"370\" height=\"208\"><\/div><div class=\"sc_price_item_info\"><h3 class=\"sc_price_item_title\"><span>Nahrungs&shy;mittel&shy;unvertr\u00e4g&shy;lichkeiten<\/span><\/h3><div class=\"sc_price_item_description\"><span>Wenn bestimmte Nahrungsmittel zum Problem werden \u2026<p>&nbsp;<\/span><\/div><a href=\"https:\/\/naturheilpraxis-beckmann.de\/?page_id=562\" class=\"sc_price_item_link\">Hier Weiterlesen<\/a><\/div><!-- \/.sc_price_item_info --><\/div><\/div><\/div><\/div><!-- \/.sc_price -->[vc_empty_space alter_height=&#8220;huge&#8220; hide_on_mobile=&#8220;&#8220;][\/vc_column][\/vc_row][vc_row][vc_column icons_position=&#8220;left&#8220;][vc_column_text css=&#8220;&#8220;]<\/p>\n<h4 style=\"text-align: center;\"><em>\u201eLass Nahrung deine Medizin sein und Medizin deine Nahrung!\u201d<br \/>\n<\/em><em>Hippokrates<\/em><\/h4>\n<p>[\/vc_column_text][vc_empty_space alter_height=&#8220;huge&#8220; hide_on_mobile=&#8220;&#8220;][\/vc_column][\/vc_row][vc_row css_animation=&#8220;fadeIn&#8220;][vc_column icons_position=&#8220;left&#8220;][vc_column_text css=&#8220;&#8220;]Durch pr\u00e4zise Laboranalysen k\u00f6nnen viele gesundheitliche Faktoren \u00fcberpr\u00fcft und N\u00e4hrstoffm\u00e4ngel fr\u00fchzeitig erkannt werden. Gerne informiere ich Sie \u00fcber die verschiedenen Untersuchungsmethoden, die f\u00fcr Sie sinnvoll sein k\u00f6nnten.<\/p>\n<p>Mit naturheilkundlichen Verfahren, einer individuell abgestimmten Ern\u00e4hrungsberatung und gezielter Mikron\u00e4hrstoffversorgung unterst\u00fctze ich Sie dabei, Ihre Gesundheit zu f\u00f6rdern und Beschwerden langfristig zu lindern.<\/p>\n<p>Bei darmbedingten Beschwerden und zur F\u00f6rderung einer gesunden Darmflora kann eine Darmsanierung und eine gezielte Therapie mit Pro- und Pr\u00e4biotika positive gesundheitliche Effekte erzielen. Mehr dazu und zu weiteren Therapiemethoden k\u00f6nnen Sie <a href=\"https:\/\/naturheilpraxis-beckmann.de\/?page_id=519\">hier erfahren<\/a>.[\/vc_column_text][vc_empty_space alter_height=&#8220;huge&#8220; hide_on_mobile=&#8220;&#8220;][\/vc_column][\/vc_row][vc_row full_width=&#8220;stretch_row&#8220; css_animation=&#8220;none&#8220; row_delimiter=&#8220;&#8220; row_fixed=&#8220;&#8220; hide_on_tablet=&#8220;&#8220; hide_on_mobile=&#8220;&#8220; hide_on_frontpage=&#8220;&#8220; css=&#8220;.vc_custom_1735325595287{background-color: rgba(206,234,121,0.57) !important;*background-color: rgb(206,234,121) !important;}&#8220;][vc_column css_animation=&#8220;fadeInRight&#8220; icons_position=&#8220;left&#8220;][vc_empty_space alter_height=&#8220;huge&#8220; hide_on_mobile=&#8220;&#8220;]<div class=\"cq-floatcaption cq-floatcaption-position-right cq-floatcaption-shape-square cq-floatcaption-percent-46 \" data-position=\"right\"><div class=\"cq-floatcaption-imagecontainer\"><img decoding=\"async\" class=\"cq-floatcaption-image\" src=\"https:\/\/naturheilpraxis-beckmann.de\/wp-content\/uploads\/2024\/12\/beech-3385957_1280.jpg\" alt=\"\" \/><\/div><div class=\"cq-floatcaption-text\" style=\"background-color:\"><h3 class=\"cq-floatcaption-title\" style=\"color:;font-size:\">Gesundheit - ganzheitlich betrachtet<\/h3><p class=\"cq-floatcaption-description\">Als Heilpraktikerin verfolge ich einen ganzheitlichen Ansatz, der den Menschen in seiner Gesamtheit betrachtet. Gesundheitsprobleme entstehen oft nicht nur aus k\u00f6rperlichen Ursachen, sondern auch durch emotionale oder geistige Belastung. Mit einer ganzheitlichen Behandlung biete ich Ihnen einen integrativen Ansatz, der nicht nur Ihre Symptome, sondern auch die zugrunde liegenden Ursachen Ihrer Beschwerden in den Blick nimmt.<\/p><\/div><\/div>[vc_empty_space alter_height=&#8220;huge&#8220; hide_on_mobile=&#8220;&#8220;][\/vc_column][\/vc_row][vc_row][vc_column icons_position=&#8220;left&#8220;][vc_empty_space alter_height=&#8220;huge&#8220; hide_on_mobile=&#8220;&#8220;][\/vc_column][\/vc_row][vc_row row_delimiter=&#8220;&#8220; row_fixed=&#8220;&#8220; hide_on_tablet=&#8220;&#8220; hide_on_mobile=&#8220;&#8220; hide_on_frontpage=&#8220;&#8220;][vc_column icons_position=&#8220;left&#8220; css=&#8220;.vc_custom_1735312500264{background-color: #EBF3F6 !important;}&#8220;][vc_empty_space alter_height=&#8220;large&#8220; hide_on_mobile=&#8220;&#8220;][vc_single_image image=&#8220;660&#8243; img_size=&#8220;700&#215;500&#8243; alignment=&#8220;center&#8220; css_animation=&#8220;fadeIn&#8220; css=&#8220;&#8220;][vc_empty_space alter_height=&#8220;small&#8220; hide_on_mobile=&#8220;&#8220;][vc_column_text css=&#8220;&#8220;]<\/p>\n<h6 style=\"text-align: center;\">Warum gesunde Ern\u00e4hrung alleine oft nicht ausreicht<\/h6>\n<p>[\/vc_column_text][vc_empty_space alter_height=&#8220;medium&#8220; hide_on_mobile=&#8220;&#8220;]<div class=\"sc_item_button sc_button_wrap sc_align_center\"><a href=\"https:\/\/naturheilpraxis-beckmann.de\/?page_id=946\" id=\"sc_button_1698529268\" class=\"sc_button color_style_default sc_button_default sc_button_size_normal sc_button_icon_left\"><span class=\"sc_button_text\"><span class=\"sc_button_title\">N\u00e4hrstoffmangel rechtzeitig erkennen<\/span><\/span><!-- \/.sc_button_text --><\/a><!-- \/.sc_button --><\/div><!-- \/.sc_item_button -->[vc_empty_space alter_height=&#8220;large&#8220; hide_on_mobile=&#8220;&#8220;][\/vc_column][\/vc_row][vc_row][vc_column icons_position=&#8220;left&#8220;][vc_empty_space alter_height=&#8220;huge&#8220; hide_on_mobile=&#8220;&#8220;]<div id=\"sc_title_1162114467\"\n\t\tclass=\"sc_title color_style_default sc_title_default\"><h6 class=\"sc_item_subtitle sc_title_subtitle sc_align_center sc_item_title_style_default\">Der Empfangsbereich<\/h6><\/div><!-- \/.sc_title -->[vc_empty_space hide_on_mobile=&#8220;&#8220;][vc_column_text css=&#8220;&#8220;]<\/p>\n<p style=\"text-align: center;\"><strong>Ich freue mich auf Ihren Besuch in meiner Praxis in Neubruchhausen \/ Bassum.<\/strong><\/p>\n<p>[\/vc_column_text][vc_empty_space alter_height=&#8220;medium&#8220; hide_on_mobile=&#8220;&#8220;][vc_single_image image=&#8220;570&#8243; img_size=&#8220;full&#8220; css=&#8220;&#8220;][vc_empty_space alter_height=&#8220;huge&#8220; hide_on_mobile=&#8220;&#8220;][\/vc_column][\/vc_row][vc_row css_animation=&#8220;appear&#8220;][vc_column width=&#8220;1\/3&#8243; icons_position=&#8220;left&#8220;][vc_empty_space alter_height=&#8220;medium&#8220; hide_on_mobile=&#8220;&#8220;]<div id=\"sc_title_1282344936\"\n\t\tclass=\"sc_title color_style_default sc_title_default\"><h6 class=\"sc_item_subtitle sc_title_subtitle sc_align_center sc_item_title_style_default\">Online Reservierung<\/h6><h5 class=\"sc_item_title sc_title_title sc_align_center sc_item_title_style_default sc_item_title_tag\">Reservieren Sie Ihren Termin schon heute<\/h5><\/div><!-- \/.sc_title -->[vc_empty_space alter_height=&#8220;medium&#8220; hide_on_mobile=&#8220;&#8220;]<div class=\"sc_item_button sc_button_wrap sc_align_center\"><a href=\"https:\/\/naturheilpraxis-beckmann.de\/?page_id=373\" id=\"sc_button_367866251\" class=\"sc_button color_style_default sc_button_default sc_button_size_large sc_button_icon_left\"><span class=\"sc_button_text sc_align_center\"><span class=\"sc_button_title\">Jetzt Termin Reservieren<\/span><\/span><!-- \/.sc_button_text --><\/a><!-- \/.sc_button --><\/div><!-- \/.sc_item_button -->[\/vc_column][vc_column width=&#8220;1\/3&#8243; icons_position=&#8220;left&#8220;][vc_gmaps link=&#8220;#E-8_JTNDaWZyYW1lJTIwc3JjJTNEJTIyaHR0cHMlM0ElMkYlMkZ3d3cuZ29vZ2xlLmNvbSUyRm1hcHMlMkZlbWJlZCUzRnBiJTNEJTIxMW0xOCUyMTFtMTIlMjExbTMlMjExZDI0MDkuOTc2NzA2MDIxOTE2NSUyMTJkOC44NDAyNTE2NzcyODQxNjklMjEzZDUyLjg0MDgwNDc3MjE0NzAyJTIxMm0zJTIxMWYwJTIxMmYwJTIxM2YwJTIxM20yJTIxMWkxMDI0JTIxMmk3NjglMjE0ZjEzLjElMjEzbTMlMjExbTIlMjExczB4NDdiMGM0NjEyZWZmNjQ1OSUyNTNBMHg4OGViNjNmOWNhZWJhZWNmJTIxMnNIYXVwdHN0cmElMjVDMyUyNTlGZSUyNTIwOCUyNTJDJTI1MjAyNzIxMSUyNTIwQmFzc3VtJTIxNWUwJTIxM20yJTIxMXNkZSUyMTJzZGUlMjE0djE3MzE3NjY2NDc3MTglMjE1bTIlMjExc2RlJTIxMnNkZSUyMiUyMHdpZHRoJTNEJTIyMzAwJTIyJTIwaGVpZ2h0JTNEJTIyNDAwJTIyJTIwc3R5bGUlM0QlMjJib3JkZXIlM0EwJTNCJTIyJTIwYWxsb3dmdWxsc2NyZWVuJTNEJTIyJTIyJTIwbG9hZGluZyUzRCUyMmxhenklMjIlMjByZWZlcnJlcnBvbGljeSUzRCUyMm5vLXJlZmVycmVyLXdoZW4tZG93bmdyYWRlJTIyJTNFJTNDJTJGaWZyYW1lJTNF&#8220; size=&#8220;400&#8243; css=&#8220;&#8220;][\/vc_column][vc_column width=&#8220;1\/3&#8243; icons_position=&#8220;left&#8220;][vc_empty_space alter_height=&#8220;medium&#8220; hide_on_mobile=&#8220;&#8220;]<div id=\"sc_title_273472881\"\n\t\tclass=\"sc_title color_style_default sc_title_default\"><h6 class=\"sc_item_subtitle sc_title_subtitle sc_align_center sc_item_title_style_default\">Kontaktdaten<\/h6><h4 class=\"sc_item_title sc_title_title sc_align_center sc_item_title_style_default sc_item_title_tag\">Kontaktieren Sie uns<\/h4><\/div><!-- \/.sc_title -->[vc_empty_space alter_height=&#8220;medium&#8220; hide_on_mobile=&#8220;&#8220;][vc_column_text css=&#8220;&#8220;]<\/p>\n<p style=\"text-align: center;\">TEL: <a href=\"tel:+4917656720074\">0176 \u2013 567 200 74<\/a><\/p>\n<p style=\"text-align: center;\">E-Mail: <a href=\"mailto:mail@naturheilpraxis-beckmann.de\">mail@naturheilpraxis-beckmann.de<\/a><\/p>\n<p>[\/vc_column_text][\/vc_column][\/vc_row][vc_row disable_element=&#8220;yes&#8220;][vc_column icons_position=&#8220;left&#8220;]<div  id=\"sc_promo_1811621318\" \n\tclass=\"sc_promo color_style_default sc_promo_default sc_promo_size_normal sc_promo_image_position_left\"><div class=\"sc_promo_image\" style=\"background-image:url(https:\/\/naturheilpraxis-beckmann.de\/wp-content\/uploads\/2024\/12\/bowl-1846138_1280.jpg);width:60%;left: 0;\"><\/div><div class=\"sc_promo_text sc_float_center\" style=\"width: 40%;float: right;\">\n\t\t\t<div class=\"sc_promo_text_inner sc_align_center sc_content_width_40%\" style=\" margin:0px 0px 0px 40px;\"><h6 class=\"sc_item_title sc_promo_title sc_align_center sc_item_title_style_default sc_item_title_tag\">Warum gesunde Ern\u00e4hrung alleine oft nicht ausreicht<\/h6><div class=\"sc_item_button sc_item_button_default sc_promo_button sc_align_center sc_button_wrap sc_align_center\"><a href=\"#\" id=\"sc_button_96421623\" class=\"sc_button color_style_default sc_button_default sc_button_size_normal sc_button_icon_left\"><span class=\"sc_button_text\"><span class=\"sc_button_title\">N\u00e4hrstoffmangel rechtzeitig erkennen<\/span><\/span><!-- \/.sc_button_text --><\/a><!-- \/.sc_button --><\/div><!-- \/.sc_item_button sc_item_button_default sc_promo_button sc_align_center --><\/div>\n\t\t<\/div><!-- \/.sc_promo_text --><\/div><!-- \/.sc_promo -->[\/vc_column][\/vc_row]<\/p>\n<\/div>","protected":false},"excerpt":{"rendered":"<p>[vc_row content_placement=&#8220;middle&#8220; css=&#8220;.vc_custom_1731757480228{padding: 5px 0; background-color: #ffffff; background-position: center; background-size: contain;}&#8220;][vc_column icons_position=&#8220;left&#8220;][\/vc_column][\/vc_row][vc_row][vc_column icons_position=&#8220;left&#8220;][vc_empty_space alter_height=&#8220;medium&#8220; hide_on_mobile=&#8220;&#8220;][vc_column_text css=&#8220;&#8220;] Die Gesundheit des K\u00f6rpers beginnt im Darm [\/vc_column_text][\/vc_column][\/vc_row][vc_row css_animation=&#8220;fadeInLeft&#8220;][vc_column icons_position=&#8220;left&#8220;][vc_empty_space alter_height=&#8220;medium&#8220; hide_on_mobile=&#8220;&#8220;][vc_column_text css=&#8220;&#8220;]Viele k\u00f6rperliche Beschwerden haben ihren Ursprung im Darm. Ein gest\u00f6rtes Mikrobiom, Unvertr\u00e4glichkeiten oder eine falsche Ern\u00e4hrung wirken sich nicht nur auf die Verdauung aus, sondern k\u00f6nnen auch viele weitere Symptome hervorrufen. Jeder&hellip;<\/p>\n","protected":false},"author":2,"featured_media":0,"parent":0,"menu_order":0,"comment_status":"closed","ping_status":"closed","template":"","meta":{"footnotes":""},"class_list":["post-634","page","type-page","status-publish","hentry"],"_links":{"self":[{"href":"https:\/\/naturheilpraxis-beckmann.de\/index.php?rest_route=\/wp\/v2\/pages\/634","targetHints":{"allow":["GET"]}}],"collection":[{"href":"https:\/\/naturheilpraxis-beckmann.de\/index.php?rest_route=\/wp\/v2\/pages"}],"about":[{"href":"https:\/\/naturheilpraxis-beckmann.de\/index.php?rest_route=\/wp\/v2\/types\/page"}],"author":[{"embeddable":true,"href":"https:\/\/naturheilpraxis-beckmann.de\/index.php?rest_route=\/wp\/v2\/users\/2"}],"replies":[{"embeddable":true,"href":"https:\/\/naturheilpraxis-beckmann.de\/index.php?rest_route=%2Fwp%2Fv2%2Fcomments&post=634"}],"version-history":[{"count":141,"href":"https:\/\/naturheilpraxis-beckmann.de\/index.php?rest_route=\/wp\/v2\/pages\/634\/revisions"}],"predecessor-version":[{"id":1014,"href":"https:\/\/naturheilpraxis-beckmann.de\/index.php?rest_route=\/wp\/v2\/pages\/634\/revisions\/1014"}],"wp:attachment":[{"href":"https:\/\/naturheilpraxis-beckmann.de\/index.php?rest_route=%2Fwp%2Fv2%2Fmedia&parent=634"}],"curies":[{"name":"wp","href":"https:\/\/api.w.org\/{rel}","templated":true}]}}