{"id":946,"date":"2025-01-01T18:40:44","date_gmt":"2025-01-01T17:40:44","guid":{"rendered":"https:\/\/naturheilpraxis-beckmann.de\/?page_id=946"},"modified":"2025-01-01T21:36:19","modified_gmt":"2025-01-01T20:36:19","slug":"naehrstoffmangel-rechtzeitig-erkennen","status":"publish","type":"page","link":"https:\/\/naturheilpraxis-beckmann.de\/?page_id=946","title":{"rendered":"N\u00e4hrstoffmangel \u2013 Anzeichen und Symptome"},"content":{"rendered":"<div class=\"wpb-content-wrapper\"><p>[vc_row][vc_column icons_position=&#8220;left&#8220;][vc_empty_space alter_height=&#8220;medium&#8220; hide_on_mobile=&#8220;&#8220;][\/vc_column][\/vc_row][vc_row css_animation=&#8220;fadeInLeft&#8220;][vc_column width=&#8220;1\/2&#8243; icons_position=&#8220;left&#8220;][vc_empty_space alter_height=&#8220;medium&#8220; hide_on_mobile=&#8220;&#8220;][vc_column_text css=&#8220;&#8220;]Obwohl eine ausgewogene Ern\u00e4hrung die Grundlage f\u00fcr eine gute Gesundheit ist, kann trotz gesunder Ern\u00e4hrungsweise ein Mangel an N\u00e4hrstoffen entstehen.<\/p>\n<p>N\u00e4hrstoffmangel entsteht, wenn der K\u00f6rper nicht ausreichend mit den notwendigen N\u00e4hrstoffen versorgt wird, die er f\u00fcr eine optimale Funktion ben\u00f6tigt. Dieser kann sich auf unterschiedliche Weise \u00e4u\u00dfern. Zu den h\u00e4ufigsten Symptomen geh\u00f6ren st\u00e4ndige M\u00fcdigkeit, Hautprobleme, Haarausfall, Konzentrationsst\u00f6rungen, Verdauungsbeschwerden und Muskelschw\u00e4che. Diese Beschwerden treten h\u00e4ufig bei unzureichender Ern\u00e4hrung oder erh\u00f6htem N\u00e4hrstoffbedarf auf. Dies kann verschiedene Ursachen haben.[\/vc_column_text][\/vc_column][vc_column width=&#8220;1\/2&#8243; icons_position=&#8220;left&#8220;][vc_empty_space alter_height=&#8220;small&#8220; hide_on_mobile=&#8220;&#8220;][vc_single_image image=&#8220;951&#8243; img_size=&#8220;full&#8220; alignment=&#8220;center&#8220; css=&#8220;&#8220;][vc_empty_space alter_height=&#8220;medium&#8220; hide_on_mobile=&#8220;&#8220;][\/vc_column][\/vc_row][vc_row][vc_column icons_position=&#8220;left&#8220;][vc_empty_space alter_height=&#8220;medium&#8220; hide_on_mobile=&#8220;&#8220;][\/vc_column][\/vc_row][vc_row css_animation=&#8220;fadeIn&#8220;][vc_column icons_position=&#8220;left&#8220;][vc_column_text css=&#8220;&#8220;]<\/p>\n<ol>\n<li><strong>Verminderte N\u00e4hrstoffdichte<\/strong>: Durch moderne Landwirtschaft und die Verarbeitung von Lebensmitteln verlieren viele Produkte einen Teil ihrer Vitamine und Mineralstoffe, sodass sie nicht mehr in der ben\u00f6tigten Menge enthalten sind.<\/li>\n<li><strong>Erh\u00f6hter N\u00e4hrstoffbedarf<\/strong>: In stressigen Phasen, w\u00e4hrend einer Krankheit, bei intensiver k\u00f6rperlicher Belastung oder in der Schwangerschaft ist der N\u00e4hrstoffbedarf des K\u00f6rpers oft h\u00f6her als normal. Eine gesunde Ern\u00e4hrung allein reicht dann m\u00f6glicherweise nicht aus.<\/li>\n<li><strong>Ver\u00e4nderte Aufnahmef\u00e4higkeit<\/strong>: Verdauungsst\u00f6rungen wie Z\u00f6liakie, Morbus Crohn oder eine allgemein verminderte Aufnahmef\u00e4higkeit im Alter k\u00f6nnen dazu f\u00fchren, dass der K\u00f6rper N\u00e4hrstoffe nicht richtig verwerten kann.<\/li>\n<li><strong>Nahrungsmittelunvertr\u00e4glichkeiten<\/strong>: Menschen mit Unvertr\u00e4glichkeiten oder Allergien (z.B. gegen Gluten oder Laktose) m\u00fcssen bestimmte Lebensmittel meiden, wodurch wichtige N\u00e4hrstoffe oft nicht ausreichend aufgenommen werden.<\/li>\n<li><strong>Niedrige Bioverf\u00fcgbarkeit<\/strong>: Einige N\u00e4hrstoffe k\u00f6nnen die Aufnahme anderer N\u00e4hrstoffe hemmen. Zum Beispiel reduziert ein hoher Calciumgehalt die Aufnahme von Magnesium und Eisen.<\/li>\n<\/ol>\n<p>Ein N\u00e4hrstoffmangel kann oft schleichend auftreten und zu gesundheitlichen Beschwerden f\u00fchren, die zun\u00e4chst nicht direkt mit einer unzureichenden N\u00e4hrstoffzufuhr in Verbindung gebracht werden.[\/vc_column_text][\/vc_column][\/vc_row][vc_row][vc_column icons_position=&#8220;left&#8220;][vc_empty_space alter_height=&#8220;medium&#8220; hide_on_mobile=&#8220;&#8220;][\/vc_column][\/vc_row][vc_row css_animation=&#8220;fadeInRight&#8220;][vc_column width=&#8220;1\/2&#8243; icons_position=&#8220;left&#8220;][vc_empty_space hide_on_mobile=&#8220;&#8220;][vc_single_image image=&#8220;950&#8243; img_size=&#8220;full&#8220; alignment=&#8220;center&#8220; css=&#8220;&#8220;][\/vc_column][vc_column width=&#8220;1\/2&#8243; icons_position=&#8220;left&#8220;][vc_empty_space alter_height=&#8220;small&#8220; hide_on_mobile=&#8220;&#8220;][vc_column_text css=&#8220;&#8220; el_id=&#8220;reizdarm-small&#8220;]Nahrungserg\u00e4nzungsmittel k\u00f6nnen eine wertvolle Unterst\u00fctzung sein, wenn der K\u00f6rper zus\u00e4tzliche N\u00e4hrstoffe ben\u00f6tigt, die durch die Ern\u00e4hrung allein nicht ausreichend aufgenommen werden. Sie sind kein Ersatz f\u00fcr eine gesunde Ern\u00e4hrung, sondern k\u00f6nnen gezielt eingesetzt werden, um M\u00e4ngel auszugleichen und die Gesundheit zu f\u00f6rdern.<\/p>\n<p>Um Defizite festzustellen, ist eine gezielte Anamnese und eine Untersuchung des Blutes f\u00fcr die weitere Therapie entscheidend.[\/vc_column_text][vc_empty_space alter_height=&#8220;medium&#8220; hide_on_mobile=&#8220;&#8220;][\/vc_column][\/vc_row]<\/p>\n<\/div>","protected":false},"excerpt":{"rendered":"<p>[vc_row][vc_column icons_position=&#8220;left&#8220;][vc_empty_space alter_height=&#8220;medium&#8220; hide_on_mobile=&#8220;&#8220;][\/vc_column][\/vc_row][vc_row css_animation=&#8220;fadeInLeft&#8220;][vc_column width=&#8220;1\/2&#8243; icons_position=&#8220;left&#8220;][vc_empty_space alter_height=&#8220;medium&#8220; hide_on_mobile=&#8220;&#8220;][vc_column_text css=&#8220;&#8220;]Obwohl eine ausgewogene Ern\u00e4hrung die Grundlage f\u00fcr eine gute Gesundheit ist, kann trotz gesunder Ern\u00e4hrungsweise ein Mangel an N\u00e4hrstoffen entstehen. N\u00e4hrstoffmangel entsteht, wenn der K\u00f6rper nicht ausreichend mit den notwendigen N\u00e4hrstoffen versorgt wird, die er f\u00fcr eine optimale Funktion ben\u00f6tigt. Dieser kann sich auf unterschiedliche Weise \u00e4u\u00dfern. Zu den h\u00e4ufigsten Symptomen&hellip;<\/p>\n","protected":false},"author":2,"featured_media":0,"parent":0,"menu_order":0,"comment_status":"closed","ping_status":"closed","template":"","meta":{"footnotes":""},"class_list":["post-946","page","type-page","status-publish","hentry"],"_links":{"self":[{"href":"https:\/\/naturheilpraxis-beckmann.de\/index.php?rest_route=\/wp\/v2\/pages\/946","targetHints":{"allow":["GET"]}}],"collection":[{"href":"https:\/\/naturheilpraxis-beckmann.de\/index.php?rest_route=\/wp\/v2\/pages"}],"about":[{"href":"https:\/\/naturheilpraxis-beckmann.de\/index.php?rest_route=\/wp\/v2\/types\/page"}],"author":[{"embeddable":true,"href":"https:\/\/naturheilpraxis-beckmann.de\/index.php?rest_route=\/wp\/v2\/users\/2"}],"replies":[{"embeddable":true,"href":"https:\/\/naturheilpraxis-beckmann.de\/index.php?rest_route=%2Fwp%2Fv2%2Fcomments&post=946"}],"version-history":[{"count":6,"href":"https:\/\/naturheilpraxis-beckmann.de\/index.php?rest_route=\/wp\/v2\/pages\/946\/revisions"}],"predecessor-version":[{"id":971,"href":"https:\/\/naturheilpraxis-beckmann.de\/index.php?rest_route=\/wp\/v2\/pages\/946\/revisions\/971"}],"wp:attachment":[{"href":"https:\/\/naturheilpraxis-beckmann.de\/index.php?rest_route=%2Fwp%2Fv2%2Fmedia&parent=946"}],"curies":[{"name":"wp","href":"https:\/\/api.w.org\/{rel}","templated":true}]}}